{"id":1008,"date":"2022-04-08T10:50:54","date_gmt":"2022-04-08T08:50:54","guid":{"rendered":"https:\/\/meckern-erlaubt.ch\/?page_id=1008"},"modified":"2023-10-31T11:16:25","modified_gmt":"2023-10-31T10:16:25","slug":"datenschutz-sicherheit-und-schutz-im-internet","status":"publish","type":"page","link":"https:\/\/meckern-erlaubt.ch\/fr\/datenschutz-sicherheit-und-schutz-im-internet\/","title":{"rendered":"Protection des donn\u00e9es \u2013 S\u00e9curit\u00e9 et protection sur Internet"},"content":{"rendered":"<p>La protection et la s\u00e9curit\u00e9 des donn\u00e9es soul\u00e8vent souvent des questions chez les utilisateurs de services en ligne. Afin d&rsquo;offrir la plus grande transparence possible, nous vous expliquons ici en d\u00e9tail quelles sont les donn\u00e9es qui sont collect\u00e9es lorsque vous consultez nos pages et \u00e0 quelles fins celles-ci sont utilis\u00e9es.<\/p>\n<ol>\n<li><strong>Qu&rsquo;entend-on par donn\u00e9es personnelles?<\/strong><br \/>\nLes donn\u00e9es personnelles sont des informations relatives \u00e0 la situation personnelle ou mat\u00e9rielle d&rsquo;une personne physique identifi\u00e9e ou identifiable, par exemple votre nom, votre adresse, votre num\u00e9ro de t\u00e9l\u00e9phone, votre date de naissance.<br \/>\nLes informations ne pr\u00e9sentant aucun lien direct ni indirect avec l&rsquo;utilisateur (nombre d&rsquo;utilisateurs d&rsquo;une page ou popularit\u00e9 d&rsquo;un site Internet, p. ex.) ne sont pas des donn\u00e9es personnelles. Ces donn\u00e9es anonymis\u00e9es servent exclusivement \u00e0 des fins statistiques et \u00e0 l&rsquo;optimisation du site.<\/li>\n<li><strong>Traitement et utilisation des donn\u00e9es personnelles<\/strong><br \/>\nPour assurer la s\u00e9curit\u00e9 du syst\u00e8me, le serveur de notre site Internet enregistre par d\u00e9faut les donn\u00e9es de connexion des utilisateurs, les pages qu&rsquo;ils consultent, la date et la dur\u00e9e de la visite, les donn\u00e9es d&rsquo;identification des types de navigateur et de syst\u00e8me d&rsquo;exploitation utilis\u00e9s et le site depuis lequel ils sont arriv\u00e9s sur le n\u00f4tre.<br \/>\nCes donn\u00e9es sont enregistr\u00e9es de fa\u00e7on anonyme. Elles ne permettent donc pas la cr\u00e9ation de profils d&rsquo;utilisateurs personnalis\u00e9s.<\/li>\n<li><strong>Collecte et gestion des donn\u00e9es personnelles<\/strong><br \/>\nPour pouvoir ex\u00e9cuter les commandes pass\u00e9es sur notre site, nous aurons besoin des renseignements suivants:<br \/>\n&#8211; Pr\u00e9nom, nom<br \/>\n&#8211; Adresse (pour l&rsquo;envoi de la commande)<br \/>\n&#8211; Num\u00e9ro de t\u00e9l\u00e9phone du voyageur principal\/de l&rsquo;interlocuteur (pour que nous puissions les contacter rapidement en cas de changements)<br \/>\n&#8211; Adresse mail (pour envoi du r\u00e9capitulatif des dates de r\u00e9servation)<\/li>\n<li><strong>Utilisation de cookies<\/strong><br \/>\nLorsque vous consultez notre site, il se peut que des informations sous forme de cookies s&rsquo;enregistrent sur votre PC, afin par exemple d&rsquo;identifier vos pr\u00e9f\u00e9rences et de structurer le site en fonction. Cela nous aide \u00e0 faciliter la navigation et \u00e0 am\u00e9liorer la convivialit\u00e9 du site.<br \/>\nLes cookies sont des fichiers textes qui s&rsquo;enregistrent sur le disque dur de l&rsquo;utilisateur lorsqu&rsquo;il consulte un site Internet. Ils ne pr\u00e9sentent aucun danger pour votre PC et sont invisibles pour les tiers. Ils permettent de conserver des informations pendant une certaine p\u00e9riode et d&rsquo;identifier le PC de l&rsquo;utilisateur.<br \/>\nSi vous acceptez nos cookies, ils resteront sur votre PC tant que vous ne les supprimez pas.<br \/>\nVous pouvez refuser \u00e0 tout moment la collecte et l&rsquo;enregistrement de vos donn\u00e9es par ce service. Il vous suffit de d\u00e9sactiver les cookies sur votre navigateur. Sachez simplement que cette d\u00e9sactivation peut restreindre l&rsquo;utilisation du site et les services propos\u00e9s.<\/li>\n<li><strong>Formulaires<br \/>\n<\/strong>Sur notre site, vous avez la possibilit\u00e9 de nous contacter sur toutes sortes de sujets. Selon l&rsquo;objet de votre message, vous devrez indiquer diff\u00e9rents \u00e9l\u00e9ments sur le formulaire. Les donn\u00e9es personnelles telles que formule d&rsquo;appel, nom, pr\u00e9nom, num\u00e9ro de t\u00e9l\u00e9phone et adresse mail sont \u00e0 fournir presque syst\u00e9matiquement pour que nous puissions vous r\u00e9pondre.<\/li>\n<li><strong>S\u00e9curit\u00e9 des donn\u00e9es<br \/>\n<\/strong>La transmission des donn\u00e9es passe par une connexion SSL s\u00e9curis\u00e9e, afin qu&rsquo;aucun tiers non autoris\u00e9 ne puisse y acc\u00e9der. Les pages prot\u00e9g\u00e9es par SSL sont celles dont l&rsquo;adresse commence non pas par l&rsquo;habituel http:\/\/ mais par https:\/\/. La plupart des navigateurs affichent en plus un petit cadenas ferm\u00e9, par exemple dans la barre d&rsquo;\u00e9tat au bas de l&rsquo;\u00e9cran.<\/li>\n<li><strong>Liens vers d&rsquo;autres sites<br \/>\n<\/strong>Le site contient des liens vers des sites de tiers. Ces derniers ne sont pas concern\u00e9s par les pr\u00e9sentes dispositions. Nous n&rsquo;avons aucune influence sur l&rsquo;adoption et le respect de celles-ci par les exploitants des sites tiers et d\u00e9clinons par cons\u00e9quent toute responsabilit\u00e9 quant \u00e0 l&rsquo;exactitude, \u00e0 l&rsquo;actualit\u00e9 et \u00e0 l&rsquo;exhaustivit\u00e9 des informations qu&rsquo;ils contiennent.<\/li>\n<li><strong>Droit d&rsquo;opposition et de consultation<br \/>\n<\/strong><span style=\"font-size: revert;\">L&rsquo;utilisateur a le droit de s&rsquo;opposer \u00e0 tout moment \u00e0 la conservation de ses donn\u00e9es personnelles, sauf si une disposition contractuelle ou l\u00e9gale s&rsquo;y oppose.<br \/>\n<\/span><span style=\"font-size: revert;\">Nous vous renseignons gratuitement et sur simple demande de votre part sur les donn\u00e9es stock\u00e9es vous concernant. Vous avez par ailleurs un droit de rectification, de suppression et de blocage de vos donn\u00e9es personnelles. La suppression peut dans certains cas se heurter \u00e0 des prescriptions l\u00e9gales, en particulier pour les donn\u00e9es n\u00e9cessaires \u00e0 la comptabilit\u00e9.<br \/>\n<\/span><span style=\"font-size: revert;\">Les donn\u00e9es sont supprim\u00e9es si aucune des raisons cit\u00e9es n&rsquo;exige leur conservation.<br \/>\n<\/span><span style=\"font-size: revert;\">Les donn\u00e9es personnelles que vous avez fournies lors de la r\u00e9servation seront utilis\u00e9es pour l&rsquo;envoi de mails publicitaires. Vous pouvez vous y opposer \u00e0 tout moment en \u00e9crivant \u00e0 patenschaft@coop.ch.<\/span><\/li>\n<\/ol>\n","protected":false},"excerpt":{"rendered":"<p>La protection et la s\u00e9curit\u00e9 des donn\u00e9es soul\u00e8vent souvent des questions chez les utilisateurs de services en ligne. Afin d&rsquo;offrir la plus grande transparence possible, nous vous expliquons ici en d\u00e9tail quelles sont les donn\u00e9es qui sont collect\u00e9es lorsque vous consultez nos pages et \u00e0 quelles fins celles-ci sont utilis\u00e9es. Qu&rsquo;entend-on par donn\u00e9es personnelles? Les [&hellip;]<\/p>\n","protected":false},"author":5,"featured_media":0,"parent":0,"menu_order":0,"comment_status":"closed","ping_status":"closed","template":"","meta":{"spay_email":""},"jetpack-related-posts":[{"id":1051,"url":"https:\/\/meckern-erlaubt.ch\/fr\/conditions-generales-de-vente\/","url_meta":{"origin":1008,"position":0},"title":"CONDITIONS G\u00c9N\u00c9RALES DE VENTE","date":"13. juillet 2022","format":false,"excerpt":"1. Parrainage Coop pour les r\u00e9gions de montagne, soci\u00e9t\u00e9 coop\u00e9rative et produits B\u00ea\u00eah Le Parrainage Coop pour les r\u00e9gions de montagne, soci\u00e9t\u00e9 coop\u00e9rative est une association d'entraide \u00e0 but non lucratif ind\u00e9pendante, certifi\u00e9e Zewo, qui travaille en \u00e9troite collaboration avec Coop. Elle aide les populations des montagnes \u00e0 am\u00e9liorer leurs\u2026","rel":"","context":"Article similaire","img":{"alt_text":"","src":"","width":0,"height":0},"classes":[]},{"id":224,"url":"https:\/\/meckern-erlaubt.ch\/fr\/validation\/","url_meta":{"origin":1008,"position":1},"title":"Validation","date":"10. janvier 2018","format":false,"excerpt":"F\u00e9licitations pour l\u2018achat d\u2018un ou de plusieurs produits B\u00ea\u00eah. Nous nous ferons un plaisir de vous envoyer vos produits B\u00ea\u00eah sur facture.","rel":"","context":"Article similaire","img":{"alt_text":"","src":"","width":0,"height":0},"classes":[]},{"id":1010,"url":"https:\/\/meckern-erlaubt.ch\/it\/datenschutz-sicherheit-und-schutz-im-internet\/","url_meta":{"origin":1008,"position":2},"title":"Protezione dei dati \u2013 sicurezza e protezione su Internet","date":"8. avril 2022","format":false,"excerpt":"Protezione e sicurezza dei dati sono spesso oggetto di dubbi e domande quando si usufruisce di servizi online. Desideriamo offrire la massima trasparenza possibile e spiegare in questa sede in dettaglio in che misura raccogliamo i vostri dati quando usate il nostro sito e a quali scopi li utilizziamo. Che\u2026","rel":"","context":"Article similaire","img":{"alt_text":"","src":"","width":0,"height":0},"classes":[]},{"id":1054,"url":"https:\/\/meckern-erlaubt.ch\/it\/condizioni-generali-di-contratto\/","url_meta":{"origin":1008,"position":3},"title":"CONDIZIONI GENERALI DI CONTRATTO","date":"13. juillet 2022","format":false,"excerpt":"1. Padrinato Coop per le regioni di montagna Societ\u00e0 Cooperativa e prodotti Bee Il Padrinato Coop per le regioni di montagna Societ\u00e0 cooperativa \u00e8 un\u2019organizzazione indipendente con certificazione Zewo, che lavora a stretto contatto con Coop. Il Padrinato Coop aiuta le popolazioni montane a migliorare le proprie condizioni di vita\u2026","rel":"","context":"Article similaire","img":{"alt_text":"","src":"","width":0,"height":0},"classes":[]},{"id":367,"url":"https:\/\/meckern-erlaubt.ch\/datenschutzerklaerung\/","url_meta":{"origin":1008,"position":4},"title":"Datenschutz &#8211; Sicherheit und Schutz im Internet","date":"28. mai 2018","format":false,"excerpt":"Das Thema Datenschutz und -sicherheit sorgt h\u00e4ufig f\u00fcr Unsicherheit und Fragen bei der Nutzung von Online-Angeboten. Wir m\u00f6chten dem durch eine m\u00f6glichst hohe Transparenz entgegentreten und erl\u00e4utern Ihnen an dieser Stelle ausf\u00fchrlich, in welchem Umfang bei der Nutzung unserer Webseite Daten erhoben und zu welchem Zweck diese Daten verwendet werden.\u2026","rel":"","context":"Article similaire","img":{"alt_text":"","src":"","width":0,"height":0},"classes":[]}],"_links":{"self":[{"href":"https:\/\/meckern-erlaubt.ch\/fr\/wp-json\/wp\/v2\/pages\/1008"}],"collection":[{"href":"https:\/\/meckern-erlaubt.ch\/fr\/wp-json\/wp\/v2\/pages"}],"about":[{"href":"https:\/\/meckern-erlaubt.ch\/fr\/wp-json\/wp\/v2\/types\/page"}],"author":[{"embeddable":true,"href":"https:\/\/meckern-erlaubt.ch\/fr\/wp-json\/wp\/v2\/users\/5"}],"replies":[{"embeddable":true,"href":"https:\/\/meckern-erlaubt.ch\/fr\/wp-json\/wp\/v2\/comments?post=1008"}],"version-history":[{"count":3,"href":"https:\/\/meckern-erlaubt.ch\/fr\/wp-json\/wp\/v2\/pages\/1008\/revisions"}],"predecessor-version":[{"id":1460,"href":"https:\/\/meckern-erlaubt.ch\/fr\/wp-json\/wp\/v2\/pages\/1008\/revisions\/1460"}],"wp:attachment":[{"href":"https:\/\/meckern-erlaubt.ch\/fr\/wp-json\/wp\/v2\/media?parent=1008"}],"curies":[{"name":"wp","href":"https:\/\/api.w.org\/{rel}","templated":true}]}}