{"id":1012,"date":"2022-04-08T10:58:48","date_gmt":"2022-04-08T08:58:48","guid":{"rendered":"https:\/\/meckern-erlaubt.ch\/?page_id=1012"},"modified":"2022-04-08T10:58:50","modified_gmt":"2022-04-08T08:58:50","slug":"impressum","status":"publish","type":"page","link":"https:\/\/meckern-erlaubt.ch\/fr\/impressum\/","title":{"rendered":"Impressum"},"content":{"rendered":"<p><strong>Exploitant<\/strong><\/p>\n<p>Parrainage Coop pour les r\u00e9gions de montagne<br \/>\nThiersteinerallee 12<br \/>\n4002 B\u00e2le<\/p>\n<p>T\u00e9l.: 061 336 71 06<br \/>\nMail: <a href=\"mailto:patenschaft@coop.ch\">patenschaft@coop.ch<\/a><\/p>\n<p><strong>Coordonn\u00e9es de contact<\/strong><\/p>\n<p>Coop Patenschaft f\u00fcr Berggebiete<br \/>\nThiersteinerallee 12<br \/>\n4002 Basel<\/p>\n<p>T\u00e9l.: 061 336 71 06<br \/>\nMail: <a href=\"mailto:patenschaft@coop.ch\">patenschaft@coop.ch<\/a><\/p>\n","protected":false},"excerpt":{"rendered":"<p>Exploitant Parrainage Coop pour les r\u00e9gions de montagne Thiersteinerallee 12 4002 B\u00e2le T\u00e9l.: 061 336 71 06 Mail: patenschaft@coop.ch Coordonn\u00e9es de contact Coop Patenschaft f\u00fcr Berggebiete Thiersteinerallee 12 4002 Basel T\u00e9l.: 061 336 71 06 Mail: patenschaft@coop.ch<\/p>\n","protected":false},"author":5,"featured_media":0,"parent":0,"menu_order":0,"comment_status":"closed","ping_status":"closed","template":"","meta":{"spay_email":""},"jetpack-related-posts":[{"id":365,"url":"https:\/\/meckern-erlaubt.ch\/impressum\/","url_meta":{"origin":1012,"position":0},"title":"Impressum","date":"28. mai 2018","format":false,"excerpt":"Betreiber Coop Patenschaft f\u00fcr Berggebiete Thiersteinerallee 12 4002 Basel Tel.: 061 336 71 06 E-Mail: patenschaft@coop.ch \u00a0 Kontaktadresse Coop Patenschaft f\u00fcr Berggebiete Thiersteinerallee 12 4002 Basel Tel.: 061 336 71 06 E-Mail: patenschaft@coop.ch \u00a0","rel":"","context":"Article similaire","img":{"alt_text":"","src":"","width":0,"height":0},"classes":[]},{"id":1014,"url":"https:\/\/meckern-erlaubt.ch\/it\/impressum\/","url_meta":{"origin":1012,"position":1},"title":"Impressum","date":"8. avril 2022","format":false,"excerpt":"Operatore Padrinato Coop per le regioni di montagna Thiersteinerallee 12 4002 Basilea Telefono: 061 336 71 06 E-Mail: patenschaft@coop.ch Indirizzo di contatto Padrinato Coop per le regioni di montagna Thiersteinerallee 12 4002 Basilea Telefono: 061 336 71 06 E-Mail: patenschaft@coop.ch","rel":"","context":"Article similaire","img":{"alt_text":"","src":"","width":0,"height":0},"classes":[]},{"id":1048,"url":"https:\/\/meckern-erlaubt.ch\/allgemeine-geschaeftsbedingungen\/","url_meta":{"origin":1012,"position":2},"title":"Allgemeine Gesch\u00e4ftsbedingungen","date":"13. juillet 2022","format":false,"excerpt":"1. Coop Patenschaft f\u00fcr Berggebiete Genossenschaft und M\u00e4\u00e4h-Produkte Die Coop Patenschaft f\u00fcr Berggebiete Genossenschaft ist ein unabh\u00e4ngiges Zewo zertifiziertes Hilfswerk, das eng mit Coop zusammenarbeitet. Sie unterst\u00fctzt die Bergbev\u00f6lkerung dabei, ihre Arbeits- und Lebensgrundlagen zu verbessern. Die Coop Genossenschaft \u00fcbernimmt dabei s\u00e4mtliche Administrations- und Personalkosten, so dass jeder gespendete Franken\u2026","rel":"","context":"Article similaire","img":{"alt_text":"","src":"","width":0,"height":0},"classes":[]},{"id":1051,"url":"https:\/\/meckern-erlaubt.ch\/fr\/conditions-generales-de-vente\/","url_meta":{"origin":1012,"position":3},"title":"CONDITIONS G\u00c9N\u00c9RALES DE VENTE","date":"13. juillet 2022","format":false,"excerpt":"1. Parrainage Coop pour les r\u00e9gions de montagne, soci\u00e9t\u00e9 coop\u00e9rative et produits B\u00ea\u00eah Le Parrainage Coop pour les r\u00e9gions de montagne, soci\u00e9t\u00e9 coop\u00e9rative est une association d'entraide \u00e0 but non lucratif ind\u00e9pendante, certifi\u00e9e Zewo, qui travaille en \u00e9troite collaboration avec Coop. Elle aide les populations des montagnes \u00e0 am\u00e9liorer leurs\u2026","rel":"","context":"Article similaire","img":{"alt_text":"","src":"","width":0,"height":0},"classes":[]},{"id":1008,"url":"https:\/\/meckern-erlaubt.ch\/fr\/datenschutz-sicherheit-und-schutz-im-internet\/","url_meta":{"origin":1012,"position":4},"title":"Protection des donn\u00e9es \u2013 S\u00e9curit\u00e9 et protection sur Internet","date":"8. avril 2022","format":false,"excerpt":"La protection et la s\u00e9curit\u00e9 des donn\u00e9es soul\u00e8vent souvent des questions chez les utilisateurs de services en ligne. Afin d'offrir la plus grande transparence possible, nous vous expliquons ici en d\u00e9tail quelles sont les donn\u00e9es qui sont collect\u00e9es lorsque vous consultez nos pages et \u00e0 quelles fins celles-ci sont utilis\u00e9es.\u2026","rel":"","context":"Article similaire","img":{"alt_text":"","src":"","width":0,"height":0},"classes":[]},{"id":321,"url":"https:\/\/meckern-erlaubt.ch\/geissen-produkte-der-aktion-ziegenpatenschaften\/","url_meta":{"origin":1012,"position":5},"title":"Geissen-Produkte der Aktion Ziegenpatenschaften","date":"19. janvier 2018","format":false,"excerpt":"","rel":"","context":"Article similaire","img":{"alt_text":"","src":"","width":0,"height":0},"classes":[]}],"_links":{"self":[{"href":"https:\/\/meckern-erlaubt.ch\/fr\/wp-json\/wp\/v2\/pages\/1012"}],"collection":[{"href":"https:\/\/meckern-erlaubt.ch\/fr\/wp-json\/wp\/v2\/pages"}],"about":[{"href":"https:\/\/meckern-erlaubt.ch\/fr\/wp-json\/wp\/v2\/types\/page"}],"author":[{"embeddable":true,"href":"https:\/\/meckern-erlaubt.ch\/fr\/wp-json\/wp\/v2\/users\/5"}],"replies":[{"embeddable":true,"href":"https:\/\/meckern-erlaubt.ch\/fr\/wp-json\/wp\/v2\/comments?post=1012"}],"version-history":[{"count":1,"href":"https:\/\/meckern-erlaubt.ch\/fr\/wp-json\/wp\/v2\/pages\/1012\/revisions"}],"predecessor-version":[{"id":1013,"href":"https:\/\/meckern-erlaubt.ch\/fr\/wp-json\/wp\/v2\/pages\/1012\/revisions\/1013"}],"wp:attachment":[{"href":"https:\/\/meckern-erlaubt.ch\/fr\/wp-json\/wp\/v2\/media?parent=1012"}],"curies":[{"name":"wp","href":"https:\/\/api.w.org\/{rel}","templated":true}]}}