{"id":1051,"date":"2022-07-13T16:13:50","date_gmt":"2022-07-13T14:13:50","guid":{"rendered":"https:\/\/meckern-erlaubt.ch\/?page_id=1051"},"modified":"2022-07-13T16:13:52","modified_gmt":"2022-07-13T14:13:52","slug":"conditions-generales-de-vente","status":"publish","type":"page","link":"https:\/\/meckern-erlaubt.ch\/fr\/conditions-generales-de-vente\/","title":{"rendered":"CONDITIONS G\u00c9N\u00c9RALES DE VENTE"},"content":{"rendered":"\n<p>1. Parrainage Coop pour les r\u00e9gions de montagne, soci\u00e9t\u00e9 coop\u00e9rative et produits B\u00ea\u00eah<\/p>\n\n\n\n<p>Le Parrainage Coop pour les r\u00e9gions de montagne, soci\u00e9t\u00e9 coop\u00e9rative est une association d&rsquo;entraide \u00e0 but non lucratif ind\u00e9pendante, certifi\u00e9e Zewo, qui travaille en \u00e9troite collaboration avec Coop. Elle aide les populations des montagnes \u00e0 am\u00e9liorer leurs conditions de travail et de vie. Coop Soci\u00e9t\u00e9 Coop\u00e9rative prend \u00e0 sa charge tous les frais administratifs et de personnel de sorte que chaque franc donn\u00e9 est revers\u00e9 int\u00e9gralement aux populations de montagne suisses.<\/p>\n\n\n\n<p>Le Parrainage Coop commercialise des \u00ab\u00a0produits B\u00ea\u00eah\u00a0\u00bb avec pour triple objectif de proposer des produits qui mettent les ch\u00e8vres \u00e0 l&rsquo;honneur, accro\u00eetre la notori\u00e9t\u00e9 du Parrainage Coop et encourager les dons. Le prix de vente des produits B\u00ea\u00eah est revers\u00e9 aux r\u00e9gions de montagne apr\u00e8s d\u00e9duction des co\u00fbts de production et de distribution.<\/p>\n\n\n\n<p>2. Commandes<\/p>\n\n\n\n<p>Les commandes peuvent \u00eatre pass\u00e9es en ligne, par \u00e9crit ou par t\u00e9l\u00e9phone (boutique en ligne B\u00ea\u00eah, t\u00e9l\u00e9phone, mail, courrier postal).<\/p>\n\n\n\n<p>Dans tous les cas, les pr\u00e9sentes Conditions g\u00e9n\u00e9rales de vente font partie int\u00e9grante du contrat de vente.<\/p>\n\n\n\n<p>3. Lieu d&rsquo;ex\u00e9cution<\/p>\n\n\n\n<p>Sauf convention contraire, le si\u00e8ge social du Parrainage Coop pour les r\u00e9gions de montagne, soci\u00e9t\u00e9 coop\u00e9rative est consid\u00e9r\u00e9 comme lieu d&rsquo;ex\u00e9cution pour la livraison des marchandises et pour le paiement du prix de vente.<\/p>\n\n\n\n<p>4. D\u00e9lais de livraison<\/p>\n\n\n\n<p>Les produits propos\u00e9s dans cette boutique sont livr\u00e9s avec une facture, en r\u00e8gle g\u00e9n\u00e9rale dans un d\u00e9lai de 3 ou 4 jours. Aucune confirmation de commande n&rsquo;est envoy\u00e9e.<\/p>\n\n\n\n<p>5. Prix et exp\u00e9dition<\/p>\n\n\n\n<p>Sauf mention contraire expresse, les frais d&rsquo;envoi et de livraison sont compris dans le prix de vente.<\/p>\n\n\n\n<p>Les livraisons \u00e0 l&rsquo;\u00e9tranger ne sont pas soumises \u00e0 la TVA, mais des frais d&rsquo;envoi suppl\u00e9mentaires sont dus.<\/p>\n\n\n\n<p>Tous les prix s&rsquo;entendent dans la monnaie nationale du vendeur.<\/p>\n\n\n\n<p>6. D\u00e9lai de paiement<\/p>\n\n\n\n<p>Les factures sont payables \u00e0 30 jours, montant net et sans escompte.<\/p>\n\n\n\n<p>7. Protection des donn\u00e9es<\/p>\n\n\n\n<p>Les dispositions relatives \u00e0 la protection des donn\u00e9es de Coop Soci\u00e9t\u00e9 Coop\u00e9rative s&rsquo;appliquent.<\/p>\n\n\n\n<p>8. Dispositions finales<\/p>\n\n\n\n<p>Les pr\u00e9sentes Conditions g\u00e9n\u00e9rales de vente peuvent \u00eatre modifi\u00e9es \u00e0 tout moment; la version \u00e0 jour est publi\u00e9e sur <a href=\"http:\/\/www.cooppatenschaft.ch\">www.cooppatenschaft.ch<\/a> .<\/p>\n\n\n\n<p>La version en vigueur est toujours la plus r\u00e9cente.<\/p>\n\n\n\n<p>En cas d&rsquo;ambigu\u00eft\u00e9s et\/ou de contradictions entre les versions allemande, fran\u00e7aise et\/ou italienne des Conditions g\u00e9n\u00e9rales de vente, la version allemande fait foi.<\/p>\n\n\n\n<p>Seul le droit suisse est applicable. Le for est au si\u00e8ge de Parrainage Coop pour les r\u00e9gions de montagne, soci\u00e9t\u00e9 coop\u00e9rative, \u00e0 B\u00e2le-Ville.<\/p>\n\n\n\n<p>Parrainage Coop pour les r\u00e9gions de montagne, soci\u00e9t\u00e9 coop\u00e9rative, B\u00e2le, 20 janvier 2022.<\/p>\n","protected":false},"excerpt":{"rendered":"<p>1. Parrainage Coop pour les r\u00e9gions de montagne, soci\u00e9t\u00e9 coop\u00e9rative et produits B\u00ea\u00eah Le Parrainage Coop pour les r\u00e9gions de montagne, soci\u00e9t\u00e9 coop\u00e9rative est une association d&rsquo;entraide \u00e0 but non lucratif ind\u00e9pendante, certifi\u00e9e Zewo, qui travaille en \u00e9troite collaboration avec Coop. Elle aide les populations des montagnes \u00e0 am\u00e9liorer leurs conditions de travail et de [&hellip;]<\/p>\n","protected":false},"author":5,"featured_media":0,"parent":0,"menu_order":0,"comment_status":"closed","ping_status":"closed","template":"","meta":{"spay_email":""},"jetpack-related-posts":[{"id":1012,"url":"https:\/\/meckern-erlaubt.ch\/fr\/impressum\/","url_meta":{"origin":1051,"position":0},"title":"Impressum","date":"8. avril 2022","format":false,"excerpt":"Exploitant Parrainage Coop pour les r\u00e9gions de montagne Thiersteinerallee 12 4002 B\u00e2le T\u00e9l.: 061 336 71 06 Mail: patenschaft@coop.ch Coordonn\u00e9es de contact Coop Patenschaft f\u00fcr Berggebiete Thiersteinerallee 12 4002 Basel T\u00e9l.: 061 336 71 06 Mail: patenschaft@coop.ch","rel":"","context":"Article similaire","img":{"alt_text":"","src":"","width":0,"height":0},"classes":[]},{"id":1008,"url":"https:\/\/meckern-erlaubt.ch\/fr\/datenschutz-sicherheit-und-schutz-im-internet\/","url_meta":{"origin":1051,"position":1},"title":"Protection des donn\u00e9es \u2013 S\u00e9curit\u00e9 et protection sur Internet","date":"8. avril 2022","format":false,"excerpt":"La protection et la s\u00e9curit\u00e9 des donn\u00e9es soul\u00e8vent souvent des questions chez les utilisateurs de services en ligne. Afin d'offrir la plus grande transparence possible, nous vous expliquons ici en d\u00e9tail quelles sont les donn\u00e9es qui sont collect\u00e9es lorsque vous consultez nos pages et \u00e0 quelles fins celles-ci sont utilis\u00e9es.\u2026","rel":"","context":"Article similaire","img":{"alt_text":"","src":"","width":0,"height":0},"classes":[]},{"id":1054,"url":"https:\/\/meckern-erlaubt.ch\/it\/condizioni-generali-di-contratto\/","url_meta":{"origin":1051,"position":2},"title":"CONDIZIONI GENERALI DI CONTRATTO","date":"13. juillet 2022","format":false,"excerpt":"1. Padrinato Coop per le regioni di montagna Societ\u00e0 Cooperativa e prodotti Bee Il Padrinato Coop per le regioni di montagna Societ\u00e0 cooperativa \u00e8 un\u2019organizzazione indipendente con certificazione Zewo, che lavora a stretto contatto con Coop. Il Padrinato Coop aiuta le popolazioni montane a migliorare le proprie condizioni di vita\u2026","rel":"","context":"Article similaire","img":{"alt_text":"","src":"","width":0,"height":0},"classes":[]},{"id":224,"url":"https:\/\/meckern-erlaubt.ch\/fr\/validation\/","url_meta":{"origin":1051,"position":3},"title":"Validation","date":"10. janvier 2018","format":false,"excerpt":"F\u00e9licitations pour l\u2018achat d\u2018un ou de plusieurs produits B\u00ea\u00eah. Nous nous ferons un plaisir de vous envoyer vos produits B\u00ea\u00eah sur facture.","rel":"","context":"Article similaire","img":{"alt_text":"","src":"","width":0,"height":0},"classes":[]},{"id":1010,"url":"https:\/\/meckern-erlaubt.ch\/it\/datenschutz-sicherheit-und-schutz-im-internet\/","url_meta":{"origin":1051,"position":4},"title":"Protezione dei dati \u2013 sicurezza e protezione su Internet","date":"8. avril 2022","format":false,"excerpt":"Protezione e sicurezza dei dati sono spesso oggetto di dubbi e domande quando si usufruisce di servizi online. Desideriamo offrire la massima trasparenza possibile e spiegare in questa sede in dettaglio in che misura raccogliamo i vostri dati quando usate il nostro sito e a quali scopi li utilizziamo. Che\u2026","rel":"","context":"Article similaire","img":{"alt_text":"","src":"","width":0,"height":0},"classes":[]}],"_links":{"self":[{"href":"https:\/\/meckern-erlaubt.ch\/fr\/wp-json\/wp\/v2\/pages\/1051"}],"collection":[{"href":"https:\/\/meckern-erlaubt.ch\/fr\/wp-json\/wp\/v2\/pages"}],"about":[{"href":"https:\/\/meckern-erlaubt.ch\/fr\/wp-json\/wp\/v2\/types\/page"}],"author":[{"embeddable":true,"href":"https:\/\/meckern-erlaubt.ch\/fr\/wp-json\/wp\/v2\/users\/5"}],"replies":[{"embeddable":true,"href":"https:\/\/meckern-erlaubt.ch\/fr\/wp-json\/wp\/v2\/comments?post=1051"}],"version-history":[{"count":2,"href":"https:\/\/meckern-erlaubt.ch\/fr\/wp-json\/wp\/v2\/pages\/1051\/revisions"}],"predecessor-version":[{"id":1053,"href":"https:\/\/meckern-erlaubt.ch\/fr\/wp-json\/wp\/v2\/pages\/1051\/revisions\/1053"}],"wp:attachment":[{"href":"https:\/\/meckern-erlaubt.ch\/fr\/wp-json\/wp\/v2\/media?parent=1051"}],"curies":[{"name":"wp","href":"https:\/\/api.w.org\/{rel}","templated":true}]}}