{"id":310,"date":"2017-11-23T09:50:21","date_gmt":"2017-11-23T09:50:21","guid":{"rendered":"http:\/\/meckern-erlaubt.ch\/?page_id=310"},"modified":"2023-12-18T10:26:48","modified_gmt":"2023-12-18T09:26:48","slug":"contact","status":"publish","type":"page","link":"https:\/\/meckern-erlaubt.ch\/fr\/contact\/","title":{"rendered":"Kontakt"},"content":{"rendered":"\n<div class=\"wpcf7 no-js\" id=\"wpcf7-f1624-o1\" lang=\"de-DE\" dir=\"ltr\">\n<div class=\"screen-reader-response\"><p role=\"status\" aria-live=\"polite\" aria-atomic=\"true\"><\/p> <ul><\/ul><\/div>\n<form action=\"\/fr\/wp-json\/wp\/v2\/pages\/310#wpcf7-f1624-o1\" method=\"post\" class=\"wpcf7-form init\" aria-label=\"Kontaktformular\" novalidate=\"novalidate\" data-status=\"init\">\n<div style=\"display: none;\">\n<input type=\"hidden\" name=\"_wpcf7\" value=\"1624\" \/>\n<input type=\"hidden\" name=\"_wpcf7_version\" value=\"5.7.5.1\" \/>\n<input type=\"hidden\" name=\"_wpcf7_locale\" value=\"de_DE\" \/>\n<input type=\"hidden\" name=\"_wpcf7_unit_tag\" value=\"wpcf7-f1624-o1\" \/>\n<input type=\"hidden\" name=\"_wpcf7_container_post\" value=\"0\" \/>\n<input type=\"hidden\" name=\"_wpcf7_posted_data_hash\" value=\"\" \/>\n<\/div>\n<p><label><b>Name<\/b> (erforderlich)<br \/>\n<span class=\"wpcf7-form-control-wrap\" data-name=\"your-name\"><input size=\"40\" class=\"wpcf7-form-control wpcf7-text wpcf7-validates-as-required\" autocomplete=\"name\" aria-required=\"true\" aria-invalid=\"false\" value=\"\" type=\"text\" name=\"your-name\" \/><\/span> <\/label>\n<\/p>\n<p><label><b>E-Mail<\/b> (erforderlich)<br \/>\n<span class=\"wpcf7-form-control-wrap\" data-name=\"your-email\"><input size=\"40\" class=\"wpcf7-form-control wpcf7-text wpcf7-email wpcf7-validates-as-required wpcf7-validates-as-email\" autocomplete=\"email\" aria-required=\"true\" aria-invalid=\"false\" value=\"\" type=\"email\" name=\"your-email\" \/><\/span> <\/label>\n<\/p>\n<p><label><b>Nachricht<\/b><br \/>\n<span class=\"wpcf7-form-control-wrap\" data-name=\"your-message\"><textarea cols=\"40\" rows=\"10\" class=\"wpcf7-form-control wpcf7-textarea\" aria-invalid=\"false\" name=\"your-message\"><\/textarea><\/span> <\/label>\n<\/p>\n<p><span class=\"wpcf7-form-control-wrap\" data-name=\"hcap-cf7\"><span id=\"hcap_cf7-6a05e253783c07.35545705\" class=\"wpcf7-form-control h-captcha\" data-sitekey=\"118f5a52-b710-40dc-be34-803862676769\" data-theme=\"light\" data-size=\"normal\" ><\/span><\/span><input type=\"hidden\" id=\"_wpnonce\" name=\"_wpnonce\" value=\"fcfd0c91dd\" \/><input type=\"hidden\" name=\"_wp_http_referer\" value=\"\/fr\/wp-json\/wp\/v2\/pages\/310\" \/><input class=\"wpcf7-form-control has-spinner wpcf7-submit\" type=\"submit\" value=\"Senden\" \/>\n<\/p><p style=\"display: none !important;\"><label>&#916;<textarea name=\"_wpcf7_ak_hp_textarea\" cols=\"45\" rows=\"8\" maxlength=\"100\"><\/textarea><\/label><input type=\"hidden\" id=\"ak_js_1\" name=\"_wpcf7_ak_js\" value=\"14\"\/><script>document.getElementById( \"ak_js_1\" ).setAttribute( \"value\", ( new Date() ).getTime() );<\/script><\/p><div class=\"wpcf7-response-output\" aria-hidden=\"true\"><\/div>\n<\/form>\n<\/div>\n\n<p>Wir freuen uns \u00fcber Ihre Kontaktaufnahme. Falls Sie eine Bemerkung zu einer Bestellung haben, geben Sie bitte die Bestellnummer an, danke.<\/p>\n","protected":false},"excerpt":{"rendered":"<p>Wir freuen uns \u00fcber Ihre Kontaktaufnahme. Falls Sie eine Bemerkung zu einer Bestellung haben, geben Sie bitte die Bestellnummer an, danke.<\/p>\n","protected":false},"author":5,"featured_media":256,"parent":0,"menu_order":0,"comment_status":"closed","ping_status":"closed","template":"","meta":{"spay_email":""},"jetpack-related-posts":[{"id":63,"url":"https:\/\/meckern-erlaubt.ch\/contact\/","url_meta":{"origin":310,"position":0},"title":"Kontakt","date":"23. novembre 2017","format":false,"excerpt":"Wir freuen uns \u00fcber Ihre Kontaktaufnahme. Falls Sie eine Bemerkung zu einer Bestellung haben, geben Sie bitte die Bestellnummer an, danke.","rel":"","context":"Similar post","img":{"alt_text":"","src":"https:\/\/i0.wp.com\/meckern-erlaubt.ch\/wp-content\/uploads\/2017\/11\/IMG_2029-2.jpg?fit=1200%2C402&ssl=1&resize=350%2C200","width":350,"height":200},"classes":[]},{"id":367,"url":"https:\/\/meckern-erlaubt.ch\/datenschutzerklaerung\/","url_meta":{"origin":310,"position":1},"title":"Datenschutz &#8211; Sicherheit und Schutz im Internet","date":"28. mai 2018","format":false,"excerpt":"Das Thema Datenschutz und -sicherheit sorgt h\u00e4ufig f\u00fcr Unsicherheit und Fragen bei der Nutzung von Online-Angeboten. Wir m\u00f6chten dem durch eine m\u00f6glichst hohe Transparenz entgegentreten und erl\u00e4utern Ihnen an dieser Stelle ausf\u00fchrlich, in welchem Umfang bei der Nutzung unserer Webseite Daten erhoben und zu welchem Zweck diese Daten verwendet werden.\u2026","rel":"","context":"Similar post","img":{"alt_text":"","src":"","width":0,"height":0},"classes":[]},{"id":365,"url":"https:\/\/meckern-erlaubt.ch\/impressum\/","url_meta":{"origin":310,"position":2},"title":"Impressum","date":"28. mai 2018","format":false,"excerpt":"Betreiber Coop Patenschaft f\u00fcr Berggebiete Thiersteinerallee 12 4002 Basel Tel.: 061 336 71 06 E-Mail: patenschaft@coop.ch \u00a0 Kontaktadresse Coop Patenschaft f\u00fcr Berggebiete Thiersteinerallee 12 4002 Basel Tel.: 061 336 71 06 E-Mail: patenschaft@coop.ch \u00a0","rel":"","context":"Similar post","img":{"alt_text":"","src":"","width":0,"height":0},"classes":[]},{"id":1048,"url":"https:\/\/meckern-erlaubt.ch\/allgemeine-geschaeftsbedingungen\/","url_meta":{"origin":310,"position":3},"title":"Allgemeine Gesch\u00e4ftsbedingungen","date":"13. juillet 2022","format":false,"excerpt":"1. Coop Patenschaft f\u00fcr Berggebiete Genossenschaft und M\u00e4\u00e4h-Produkte Die Coop Patenschaft f\u00fcr Berggebiete Genossenschaft ist ein unabh\u00e4ngiges Zewo zertifiziertes Hilfswerk, das eng mit Coop zusammenarbeitet. Sie unterst\u00fctzt die Bergbev\u00f6lkerung dabei, ihre Arbeits- und Lebensgrundlagen zu verbessern. Die Coop Genossenschaft \u00fcbernimmt dabei s\u00e4mtliche Administrations- und Personalkosten, so dass jeder gespendete Franken\u2026","rel":"","context":"Similar post","img":{"alt_text":"","src":"","width":0,"height":0},"classes":[]}],"_links":{"self":[{"href":"https:\/\/meckern-erlaubt.ch\/fr\/wp-json\/wp\/v2\/pages\/310"}],"collection":[{"href":"https:\/\/meckern-erlaubt.ch\/fr\/wp-json\/wp\/v2\/pages"}],"about":[{"href":"https:\/\/meckern-erlaubt.ch\/fr\/wp-json\/wp\/v2\/types\/page"}],"author":[{"embeddable":true,"href":"https:\/\/meckern-erlaubt.ch\/fr\/wp-json\/wp\/v2\/users\/5"}],"replies":[{"embeddable":true,"href":"https:\/\/meckern-erlaubt.ch\/fr\/wp-json\/wp\/v2\/comments?post=310"}],"version-history":[{"count":3,"href":"https:\/\/meckern-erlaubt.ch\/fr\/wp-json\/wp\/v2\/pages\/310\/revisions"}],"predecessor-version":[{"id":1627,"href":"https:\/\/meckern-erlaubt.ch\/fr\/wp-json\/wp\/v2\/pages\/310\/revisions\/1627"}],"wp:featuredmedia":[{"embeddable":true,"href":"https:\/\/meckern-erlaubt.ch\/fr\/wp-json\/wp\/v2\/media\/256"}],"wp:attachment":[{"href":"https:\/\/meckern-erlaubt.ch\/fr\/wp-json\/wp\/v2\/media?parent=310"}],"curies":[{"name":"wp","href":"https:\/\/api.w.org\/{rel}","templated":true}]}}