{"id":1324,"date":"2014-08-15T09:18:38","date_gmt":"2023-08-15T07:18:40","guid":{"rendered":"https:\/\/meckern-erlaubt.ch\/?post_type=product&#038;p=1324"},"modified":"2023-08-15T09:25:56","modified_gmt":"2023-08-15T07:25:56","slug":"etui-de-jass-maeaeh-aux-couleurs-suisses-allemandes-frais-de-port-et-demballage-inclus","status":"publish","type":"product","link":"https:\/\/meckern-erlaubt.ch\/fr\/produkt\/etui-de-jass-maeaeh-aux-couleurs-suisses-allemandes-frais-de-port-et-demballage-inclus\/","title":{"rendered":"\u00c9tui de jass M\u00e4\u00e4h aux couleurs suisses allemandes (frais de port et d\u2019emballage inclus)"},"content":{"rendered":"<p>\u00c0 utiliser partout et en tout temps,en pique-nique ou \u00e0 la piscine \u2013 contient tout ce dont vous avez besoin pour une partie de jass passionnante: nos cartes (en version suisse al\u00e9manique ou fran\u00e7aise), une ardoise, un crayon, une \u00e9ponge et un taille-crayon. Travail manuel de pr\u00e9cision r\u00e9alis\u00e9 par des personnes en situation de handicap.<\/p>\n","protected":false},"excerpt":{"rendered":"<p>Avec de nombreux accessoires.<\/p>\n","protected":false},"featured_media":1312,"template":"","meta":{"spay_email":"","jetpack_publicize_message":"","jetpack_is_tweetstorm":false,"jetpack_publicize_feature_enabled":true},"product_cat":[51],"product_tag":[],"jetpack_publicize_connections":[],"jetpack-related-posts":[{"id":1309,"url":"https:\/\/meckern-erlaubt.ch\/fr\/produkt\/etui-de-jass-maeaeh-aux-couleurs-francaises-frais-de-port-et-demballage-inclus\/","url_meta":{"origin":1324,"position":0},"title":"\u00c9tui de jass M\u00e4\u00e4h aux couleurs fran\u00e7aises (frais de port et d\u2019emballage inclus)","date":"14. ao\u00fbt 2014","format":false,"excerpt":"Avec de nombreux accessoires.","rel":"","context":"Article similaire","img":{"alt_text":"","src":"https:\/\/i0.wp.com\/meckern-erlaubt.ch\/wp-content\/uploads\/2023\/08\/Jass-Etui_Artikel-Franzoesisch.jpg?fit=827%2C827&ssl=1&resize=350%2C200","width":350,"height":200},"classes":[]},{"id":911,"url":"https:\/\/meckern-erlaubt.ch\/fr\/produkt\/de-cartes-de-jass-aux-couleurs-suisses-allemandes-frais-deport-et-demballage-inclus\/","url_meta":{"origin":1324,"position":1},"title":"Jeu de jass B\u00ea\u00eah, aux couleurs suisses allemandes (frais de port et d\u2019emballage inclus)","date":"11. f\u00e9vrier 2016","format":false,"excerpt":"Des cartes avec un motif sympa de ch\u00e8vres","rel":"","context":"Article similaire","img":{"alt_text":"","src":"https:\/\/i0.wp.com\/meckern-erlaubt.ch\/wp-content\/uploads\/2016\/02\/Jass-Karten_Artikel-DeutschSchweizer-Figuren.jpg?fit=827%2C827&ssl=1&resize=350%2C200","width":350,"height":200},"classes":[]},{"id":925,"url":"https:\/\/meckern-erlaubt.ch\/fr\/produkt\/de-cartes-de-jass-aux-couleurs-francaises-frais-deport-et-demballage-inclus\/","url_meta":{"origin":1324,"position":2},"title":"Jeu de jass B\u00ea\u00eah, aux couleurs fran\u00e7aises (frais de port et d\u2019emballage inclus)","date":"10. f\u00e9vrier 2016","format":false,"excerpt":"Des cartes avec un motif sympa de ch\u00e8vres","rel":"","context":"Article similaire","img":{"alt_text":"","src":"https:\/\/i0.wp.com\/meckern-erlaubt.ch\/wp-content\/uploads\/2022\/02\/Artikel-Franzoesische-Figuren.jpg?fit=1200%2C1200&ssl=1&resize=350%2C200","width":350,"height":200},"classes":[]},{"id":327,"url":"https:\/\/meckern-erlaubt.ch\/fr\/produkt\/puzzle-mee\/","url_meta":{"origin":1324,"position":3},"title":"Puzzle B\u00ea\u00eah (frais de port et d\u2019emballage inclus)","date":"23. novembre 2017","format":false,"excerpt":"Curieuses et espi\u00e8gles, les ch\u00e8vres de l\u2018alpage de Sust Peil enchanteront les amateurs de puzzles. Qui sera le plus rapide? Des heures d\u2018amusement en perspective pour les petits et les grands!","rel":"","context":"Article similaire","img":{"alt_text":"","src":"https:\/\/i0.wp.com\/meckern-erlaubt.ch\/wp-content\/uploads\/2017\/11\/Cpuzzlequadratisch-scaled.jpg?fit=1200%2C1200&ssl=1&resize=350%2C200","width":350,"height":200},"classes":[]},{"id":1007,"url":"https:\/\/meckern-erlaubt.ch\/fr\/produkt\/beeh-mory-frais-de-port-et-demballage-inclus\/","url_meta":{"origin":1324,"position":4},"title":"B\u00ea\u00eah-mory (frais de port et d\u2019emballage inclus)","date":"23. novembre 2017","format":false,"excerpt":"Jeu de m\u00e9mory de 24 ch\u00e8vres heureuses. Amusement garanti pour toute la famille! Qui arrivera \u00e0 m\u00e9moriser et \u00e0 trouver un maximum de paires?","rel":"","context":"Article similaire","img":{"alt_text":"","src":"https:\/\/i0.wp.com\/meckern-erlaubt.ch\/wp-content\/uploads\/2017\/11\/Cmemoquadratisch-scaled.jpg?fit=1200%2C1200&ssl=1&resize=350%2C200","width":350,"height":200},"classes":[]},{"id":1768,"url":"https:\/\/meckern-erlaubt.ch\/fr\/produkt\/beeh-jeu-des-echelles-frais-de-port-et-demballage-inclus\/","url_meta":{"origin":1324,"position":5},"title":"B\u00ea\u00eah-Jeu des \u00e9chelles (frais de port et d\u2019emballage inclus)","date":"6. ao\u00fbt 2025","format":false,"excerpt":"En route vers l\u2019alpage.","rel":"","context":"Article similaire","img":{"alt_text":"","src":"https:\/\/i0.wp.com\/meckern-erlaubt.ch\/wp-content\/uploads\/2025\/08\/Leiterlispiel_Artikel-min.jpg?fit=1200%2C1200&ssl=1&resize=350%2C200","width":350,"height":200},"classes":[]}],"_links":{"self":[{"href":"https:\/\/meckern-erlaubt.ch\/fr\/wp-json\/wp\/v2\/product\/1324"}],"collection":[{"href":"https:\/\/meckern-erlaubt.ch\/fr\/wp-json\/wp\/v2\/product"}],"about":[{"href":"https:\/\/meckern-erlaubt.ch\/fr\/wp-json\/wp\/v2\/types\/product"}],"wp:featuredmedia":[{"embeddable":true,"href":"https:\/\/meckern-erlaubt.ch\/fr\/wp-json\/wp\/v2\/media\/1312"}],"wp:attachment":[{"href":"https:\/\/meckern-erlaubt.ch\/fr\/wp-json\/wp\/v2\/media?parent=1324"}],"wp:term":[{"taxonomy":"product_cat","embeddable":true,"href":"https:\/\/meckern-erlaubt.ch\/fr\/wp-json\/wp\/v2\/product_cat?post=1324"},{"taxonomy":"product_tag","embeddable":true,"href":"https:\/\/meckern-erlaubt.ch\/fr\/wp-json\/wp\/v2\/product_tag?post=1324"}],"curies":[{"name":"wp","href":"https:\/\/api.w.org\/{rel}","templated":true}]}}