{"id":911,"date":"2016-02-11T10:58:00","date_gmt":"2016-02-11T10:36:00","guid":{"rendered":"https:\/\/meckern-erlaubt.ch\/?post_type=product&#038;p=911"},"modified":"2022-04-19T09:29:33","modified_gmt":"2022-04-19T07:29:33","slug":"de-cartes-de-jass-aux-couleurs-suisses-allemandes-frais-deport-et-demballage-inclus","status":"publish","type":"product","link":"https:\/\/meckern-erlaubt.ch\/fr\/produkt\/de-cartes-de-jass-aux-couleurs-suisses-allemandes-frais-deport-et-demballage-inclus\/","title":{"rendered":"Jeu de jass B\u00ea\u00eah, aux couleurs suisses allemandes (frais de port et d\u2019emballage inclus)"},"content":{"rendered":"\r\n<p>Jouer au jass est chez nous une longue\u00a0et belle tradition qui r\u00e9unit jeunes et moins jeunes, ruraux et citadins pour\u00a0des moments de convivialit\u00e9. En achetant ce jeu de jass B\u00ea\u00eah, vous faites aussi un geste en faveur des familles de paysans\u00a0de montagne suisses.<\/p>\r\n","protected":false},"excerpt":{"rendered":"<p>Des cartes avec un motif sympa de ch\u00e8vres<\/p>\n","protected":false},"featured_media":1634,"template":"","meta":{"spay_email":"","jetpack_publicize_message":"","jetpack_is_tweetstorm":false,"jetpack_publicize_feature_enabled":true},"product_cat":[42],"product_tag":[],"jetpack_publicize_connections":[],"jetpack-related-posts":[{"id":925,"url":"https:\/\/meckern-erlaubt.ch\/fr\/produkt\/de-cartes-de-jass-aux-couleurs-francaises-frais-deport-et-demballage-inclus\/","url_meta":{"origin":911,"position":0},"title":"Jeu de jass B\u00ea\u00eah, aux couleurs fran\u00e7aises (frais de port et d\u2019emballage inclus)","date":"10. f\u00e9vrier 2016","format":false,"excerpt":"Des cartes avec un motif sympa de ch\u00e8vres","rel":"","context":"Article similaire","img":{"alt_text":"","src":"https:\/\/i0.wp.com\/meckern-erlaubt.ch\/wp-content\/uploads\/2022\/02\/Artikel-Franzoesische-Figuren.jpg?fit=1200%2C1200&ssl=1&resize=350%2C200","width":350,"height":200},"classes":[]},{"id":1324,"url":"https:\/\/meckern-erlaubt.ch\/fr\/produkt\/etui-de-jass-maeaeh-aux-couleurs-suisses-allemandes-frais-de-port-et-demballage-inclus\/","url_meta":{"origin":911,"position":1},"title":"\u00c9tui de jass M\u00e4\u00e4h aux couleurs suisses allemandes (frais de port et d\u2019emballage inclus)","date":"15. ao\u00fbt 2014","format":false,"excerpt":"Avec de nombreux accessoires.","rel":"","context":"Article similaire","img":{"alt_text":"","src":"https:\/\/i0.wp.com\/meckern-erlaubt.ch\/wp-content\/uploads\/2023\/08\/Jass-Etui_Artikel-DeutschSchweiz.jpg?fit=827%2C827&ssl=1&resize=350%2C200","width":350,"height":200},"classes":[]},{"id":1309,"url":"https:\/\/meckern-erlaubt.ch\/fr\/produkt\/etui-de-jass-maeaeh-aux-couleurs-francaises-frais-de-port-et-demballage-inclus\/","url_meta":{"origin":911,"position":2},"title":"\u00c9tui de jass M\u00e4\u00e4h aux couleurs fran\u00e7aises (frais de port et d\u2019emballage inclus)","date":"14. ao\u00fbt 2014","format":false,"excerpt":"Avec de nombreux accessoires.","rel":"","context":"Article similaire","img":{"alt_text":"","src":"https:\/\/i0.wp.com\/meckern-erlaubt.ch\/wp-content\/uploads\/2023\/08\/Jass-Etui_Artikel-Franzoesisch.jpg?fit=827%2C827&ssl=1&resize=350%2C200","width":350,"height":200},"classes":[]},{"id":1007,"url":"https:\/\/meckern-erlaubt.ch\/fr\/produkt\/beeh-mory-frais-de-port-et-demballage-inclus\/","url_meta":{"origin":911,"position":3},"title":"B\u00ea\u00eah-mory (frais de port et d\u2019emballage inclus)","date":"23. novembre 2017","format":false,"excerpt":"Jeu de m\u00e9mory de 24 ch\u00e8vres heureuses. Amusement garanti pour toute la famille! Qui arrivera \u00e0 m\u00e9moriser et \u00e0 trouver un maximum de paires?","rel":"","context":"Article similaire","img":{"alt_text":"","src":"https:\/\/i0.wp.com\/meckern-erlaubt.ch\/wp-content\/uploads\/2017\/11\/Cmemoquadratisch-scaled.jpg?fit=1200%2C1200&ssl=1&resize=350%2C200","width":350,"height":200},"classes":[]},{"id":327,"url":"https:\/\/meckern-erlaubt.ch\/fr\/produkt\/puzzle-mee\/","url_meta":{"origin":911,"position":4},"title":"Puzzle B\u00ea\u00eah (frais de port et d\u2019emballage inclus)","date":"23. novembre 2017","format":false,"excerpt":"Curieuses et espi\u00e8gles, les ch\u00e8vres de l\u2018alpage de Sust Peil enchanteront les amateurs de puzzles. Qui sera le plus rapide? Des heures d\u2018amusement en perspective pour les petits et les grands!","rel":"","context":"Article similaire","img":{"alt_text":"","src":"https:\/\/i0.wp.com\/meckern-erlaubt.ch\/wp-content\/uploads\/2017\/11\/Cpuzzlequadratisch-scaled.jpg?fit=1200%2C1200&ssl=1&resize=350%2C200","width":350,"height":200},"classes":[]},{"id":1768,"url":"https:\/\/meckern-erlaubt.ch\/fr\/produkt\/beeh-jeu-des-echelles-frais-de-port-et-demballage-inclus\/","url_meta":{"origin":911,"position":5},"title":"B\u00ea\u00eah-Jeu des \u00e9chelles (frais de port et d\u2019emballage inclus)","date":"6. ao\u00fbt 2025","format":false,"excerpt":"En route vers l\u2019alpage.","rel":"","context":"Article similaire","img":{"alt_text":"","src":"https:\/\/i0.wp.com\/meckern-erlaubt.ch\/wp-content\/uploads\/2025\/08\/Leiterlispiel_Artikel-min.jpg?fit=1200%2C1200&ssl=1&resize=350%2C200","width":350,"height":200},"classes":[]}],"_links":{"self":[{"href":"https:\/\/meckern-erlaubt.ch\/fr\/wp-json\/wp\/v2\/product\/911"}],"collection":[{"href":"https:\/\/meckern-erlaubt.ch\/fr\/wp-json\/wp\/v2\/product"}],"about":[{"href":"https:\/\/meckern-erlaubt.ch\/fr\/wp-json\/wp\/v2\/types\/product"}],"wp:featuredmedia":[{"embeddable":true,"href":"https:\/\/meckern-erlaubt.ch\/fr\/wp-json\/wp\/v2\/media\/1634"}],"wp:attachment":[{"href":"https:\/\/meckern-erlaubt.ch\/fr\/wp-json\/wp\/v2\/media?parent=911"}],"wp:term":[{"taxonomy":"product_cat","embeddable":true,"href":"https:\/\/meckern-erlaubt.ch\/fr\/wp-json\/wp\/v2\/product_cat?post=911"},{"taxonomy":"product_tag","embeddable":true,"href":"https:\/\/meckern-erlaubt.ch\/fr\/wp-json\/wp\/v2\/product_tag?post=911"}],"curies":[{"name":"wp","href":"https:\/\/api.w.org\/{rel}","templated":true}]}}