{"id":1010,"date":"2022-04-08T10:51:24","date_gmt":"2022-04-08T08:51:24","guid":{"rendered":"https:\/\/meckern-erlaubt.ch\/?page_id=1010"},"modified":"2023-10-31T11:07:35","modified_gmt":"2023-10-31T10:07:35","slug":"datenschutz-sicherheit-und-schutz-im-internet","status":"publish","type":"page","link":"https:\/\/meckern-erlaubt.ch\/it\/datenschutz-sicherheit-und-schutz-im-internet\/","title":{"rendered":"Protezione dei dati \u2013 sicurezza e protezione su Internet"},"content":{"rendered":"<p style=\"font-weight: 400;\">Protezione e sicurezza dei dati sono spesso oggetto di dubbi e domande quando si usufruisce di servizi online. Desideriamo offrire la massima trasparenza possibile e spiegare in questa sede in dettaglio in che misura raccogliamo i vostri dati quando usate il nostro sito e a quali scopi li utilizziamo.<\/p>\n<ol>\n<li><strong>Che cosa sono i dati personali?<br \/>\n<\/strong><span style=\"font-size: revert;\">I dati personali sono informazioni su condizioni personali o materiali di una persona fisica identificabile o identificata. Sono considerati dati personali p.es. il nome, l\u2019indirizzo, il numero di telefono e (se indicata) la data di nascita.<br \/>\n<span style=\"font-size: revert;\">Le informazioni non associabili all\u2019utente, direttamente o indirettamente, quali p.es. il numero degli utenti di una pagina o la popolarit\u00e0 di singoli siti web, non sono dati personali. Questi dati anonimizzati sono utilizzati esclusivamente per scopi statistici e per ottimizzare il sito web.<\/span><\/span><\/li>\n<li><strong>Elaborazione e utilizzo di dati personali<br \/>\n<\/strong><span style=\"font-size: revert;\">Per garantire la sicurezza del sistema, durante l\u2019utilizzo del nostro sito il server web salva di default i dati di collegamento del computer che effettua la richiesta, le pagine visitate dall\u2019utente, la data e la durata della visita, i dati di riconoscimento del browser e del sistema operativo utilizzati e il sito web attraverso il quale l\u2019utente \u00e8 giunta\/o sul nostro sito.<br \/>\n<\/span>I dati vengono salvati in forma anonimizzata, per cui \u00e8 esclusa la creazione di profili utente riferiti alla persona<span style=\"font-size: revert;\">.<\/span><\/li>\n<li><strong>Raccolta e trattamento dei dati personali<br \/>\n<\/strong><span style=\"font-size: revert;\">Per le ordinazioni sul nostro sito web sono necessari i seguenti dati:<br \/>\n<span style=\"font-size: revert;\">&#8211; Nome, cognome<\/span><br \/>\n<\/span>&#8211; <span lang=\"IT-CH\">Recapito (invio dell\u2019ordinazione<\/span>)<br \/>\n&#8211; Numero di telefono della\/del viaggiatrice\/tore principale \/ della persona di contatto (in caso di cambiamenti con breve preavviso)<br \/>\n&#8211; Indirizzo e-mail (invio del riepilogo dei dati della prenotazione)<\/li>\n<li><strong>Utilizzo dei cookies<\/strong><br \/>\nDurante la navigazione sul nostro sito web, le informazioni possono essere salvate sul computer dell\u2019utente sotto forma di cookies, per riconoscere, per esempio, le preferenze delle\/dei visitatrici\/tori e ottimizzare il sito web. Ci\u00f2 aiuta p.es. ad agevolare la navigazione e a ottenere un\u2019elevata facilit\u00e0 d\u2019uso.<br \/>\nI cookies sono file di testo salvati sul disco fisso dell\u2019utente nel momento in cui visita una pagina Internet. Non costituiscono alcun pericolo per il computer dell\u2019utente e non sono visualizzabili da terzi. Permettono di conservare le informazioni per un certo periodo di tempo e di identificare il computer dell\u2019utente.<br \/>\nAccettando i nostri cookies, questi rimarranno sul computer fino a quando l\u2019utente non li canceller\u00e0.<br \/>\nL\u2019utente pu\u00f2 rifiutare in qualsiasi momento la raccolta e il salvataggio dei dati da parte dei cookies. Per impedire l\u2019attivazione di cookies, l\u2019utente pu\u00f2 disattivarli nel proprio browser. Occorre, tuttavia, tener presente che la disattivazione di cookies pu\u00f2 limitare l\u2019utilizzo del sito web e dei servizi offerti.<\/li>\n<li><strong>Formulari<br \/>\n<\/strong>Attraverso il nostro sito web, l\u2019utente ha la possibilit\u00e0 di contattarci per i motivi pi\u00f9 svariati. A seconda del motivo della presa di contatto, all\u2019interno del modulo richiediamo dati diversi. I dati personali come appellativo, nome, cognome, indirizzo e-mail e tipo di problema devono essere forniti perlopi\u00f9 obbligatoriamente ai fini del contatto e per permettere il dialogo con l\u2019utente.<\/li>\n<li><strong>Sicurezza dei dati<br \/>\n<\/strong>Per garantire la sicurezza nel trasferimento dei dati utilizziamo un collegamento SSL sicuro. In questo modo i soggetti terzi non autorizzati non potranno leggere i dati dell\u2019utente durante il trasferimento. Le pagine protette da SSL si riconoscono dall\u2019indirizzo della pagina che non inizia con http:\/\/ come di consueto, ma con https:\/\/. Inoltre, nella maggior parte dei browser appare un piccolo lucchetto chiuso (p.es. nella barra di stato nella parte inferiore dello schermo).<\/li>\n<li><strong>Collegamenti ad altre pagine Internet<br \/>\n<\/strong>Il sito web contiene collegamenti a siti web di terzi. La presente dichiarazione sulla protezione dei dati non si applica agli altri fornitori. Non possiamo in alcun modo garantire che i relativi gestori rispettino le disposizioni sulla protezione dei dati, pertanto non ci assumiamo neppure alcuna responsabilit\u00e0 circa la correttezza, l\u2019aggiornamento e la completezza delle informazioni riportate in questi siti.<\/li>\n<li><strong>Diritto di revoca e di consultazione<br \/>\n<\/strong>L\u2019utente ha la facolt\u00e0 di revocare in qualsiasi momento il consenso al salvataggio dei propri dati personali, tranne nei casi in cui ci\u00f2 non sia possibile per motivi legali o contrattuali.<br \/>\nL\u2019utente ha la facolt\u00e0 di richiedere gratuitamente informazioni sui dati salvati relativi alla sua persona, di richiederne la modifica, l\u2019eliminazione o il blocco. In alcuni casi le disposizioni di legge potrebbero impedire l\u2019eliminazione dei dati, in particolare dei dati necessari alla fatturazione e alla contabilit\u00e0.<br \/>\nI dati saranno cancellati tranne nel caso in cui la loro conservazione non sia necessaria per i motivi elencati sopra.<br \/>\nI dati personali messi a disposizione dall\u2019utente nell\u2019ambito della prenotazione saranno utilizzati per l\u2019invio di contenuti pubblicitari via e-mail. L\u2019utente ha la facolt\u00e0 di rifiutare tale utilizzo rivolgendosi all\u2019indirizzo patenschaft@coop.ch<span style=\"font-size: revert;\">.<\/span><\/li>\n<\/ol>\n","protected":false},"excerpt":{"rendered":"<p>Protezione e sicurezza dei dati sono spesso oggetto di dubbi e domande quando si usufruisce di servizi online. Desideriamo offrire la massima trasparenza possibile e spiegare in questa sede in dettaglio in che misura raccogliamo i vostri dati quando usate il nostro sito e a quali scopi li utilizziamo. Che cosa sono i dati personali? [&hellip;]<\/p>\n","protected":false},"author":5,"featured_media":0,"parent":0,"menu_order":0,"comment_status":"closed","ping_status":"closed","template":"","meta":{"spay_email":""},"jetpack-related-posts":[{"id":1054,"url":"https:\/\/meckern-erlaubt.ch\/it\/condizioni-generali-di-contratto\/","url_meta":{"origin":1010,"position":0},"title":"CONDIZIONI GENERALI DI CONTRATTO","date":"13. Luglio 2022","format":false,"excerpt":"1. Padrinato Coop per le regioni di montagna Societ\u00e0 Cooperativa e prodotti Bee Il Padrinato Coop per le regioni di montagna Societ\u00e0 cooperativa \u00e8 un\u2019organizzazione indipendente con certificazione Zewo, che lavora a stretto contatto con Coop. Il Padrinato Coop aiuta le popolazioni montane a migliorare le proprie condizioni di vita\u2026","rel":"","context":"Articolo simile","img":{"alt_text":"","src":"","width":0,"height":0},"classes":[]},{"id":1014,"url":"https:\/\/meckern-erlaubt.ch\/it\/impressum\/","url_meta":{"origin":1010,"position":1},"title":"Impressum","date":"8. Aprile 2022","format":false,"excerpt":"Operatore Padrinato Coop per le regioni di montagna Thiersteinerallee 12 4002 Basilea Telefono: 061 336 71 06 E-Mail: patenschaft@coop.ch Indirizzo di contatto Padrinato Coop per le regioni di montagna Thiersteinerallee 12 4002 Basilea Telefono: 061 336 71 06 E-Mail: patenschaft@coop.ch","rel":"","context":"Articolo simile","img":{"alt_text":"","src":"","width":0,"height":0},"classes":[]},{"id":228,"url":"https:\/\/meckern-erlaubt.ch\/it\/completa-transazione\/","url_meta":{"origin":1010,"position":2},"title":"Completa transazione","date":"10. Gennaio 2018","format":false,"excerpt":"Congratulazioni per aver scelto di acquistare uno o pi\u00f9 prodotti M\u00e9\u00e9. Invieremo i prodotti M\u00e9\u00e9 con fattura.","rel":"","context":"Articolo simile","img":{"alt_text":"","src":"","width":0,"height":0},"classes":[]},{"id":1008,"url":"https:\/\/meckern-erlaubt.ch\/fr\/datenschutz-sicherheit-und-schutz-im-internet\/","url_meta":{"origin":1010,"position":3},"title":"Protection des donn\u00e9es \u2013 S\u00e9curit\u00e9 et protection sur Internet","date":"8. Aprile 2022","format":false,"excerpt":"La protection et la s\u00e9curit\u00e9 des donn\u00e9es soul\u00e8vent souvent des questions chez les utilisateurs de services en ligne. Afin d'offrir la plus grande transparence possible, nous vous expliquons ici en d\u00e9tail quelles sont les donn\u00e9es qui sont collect\u00e9es lorsque vous consultez nos pages et \u00e0 quelles fins celles-ci sont utilis\u00e9es.\u2026","rel":"","context":"Articolo simile","img":{"alt_text":"","src":"","width":0,"height":0},"classes":[]},{"id":367,"url":"https:\/\/meckern-erlaubt.ch\/datenschutzerklaerung\/","url_meta":{"origin":1010,"position":4},"title":"Datenschutz &#8211; Sicherheit und Schutz im Internet","date":"28. Maggio 2018","format":false,"excerpt":"Das Thema Datenschutz und -sicherheit sorgt h\u00e4ufig f\u00fcr Unsicherheit und Fragen bei der Nutzung von Online-Angeboten. Wir m\u00f6chten dem durch eine m\u00f6glichst hohe Transparenz entgegentreten und erl\u00e4utern Ihnen an dieser Stelle ausf\u00fchrlich, in welchem Umfang bei der Nutzung unserer Webseite Daten erhoben und zu welchem Zweck diese Daten verwendet werden.\u2026","rel":"","context":"Articolo simile","img":{"alt_text":"","src":"","width":0,"height":0},"classes":[]},{"id":1051,"url":"https:\/\/meckern-erlaubt.ch\/fr\/conditions-generales-de-vente\/","url_meta":{"origin":1010,"position":5},"title":"CONDITIONS G\u00c9N\u00c9RALES DE VENTE","date":"13. Luglio 2022","format":false,"excerpt":"1. Parrainage Coop pour les r\u00e9gions de montagne, soci\u00e9t\u00e9 coop\u00e9rative et produits B\u00ea\u00eah Le Parrainage Coop pour les r\u00e9gions de montagne, soci\u00e9t\u00e9 coop\u00e9rative est une association d'entraide \u00e0 but non lucratif ind\u00e9pendante, certifi\u00e9e Zewo, qui travaille en \u00e9troite collaboration avec Coop. Elle aide les populations des montagnes \u00e0 am\u00e9liorer leurs\u2026","rel":"","context":"Articolo simile","img":{"alt_text":"","src":"","width":0,"height":0},"classes":[]}],"_links":{"self":[{"href":"https:\/\/meckern-erlaubt.ch\/it\/wp-json\/wp\/v2\/pages\/1010"}],"collection":[{"href":"https:\/\/meckern-erlaubt.ch\/it\/wp-json\/wp\/v2\/pages"}],"about":[{"href":"https:\/\/meckern-erlaubt.ch\/it\/wp-json\/wp\/v2\/types\/page"}],"author":[{"embeddable":true,"href":"https:\/\/meckern-erlaubt.ch\/it\/wp-json\/wp\/v2\/users\/5"}],"replies":[{"embeddable":true,"href":"https:\/\/meckern-erlaubt.ch\/it\/wp-json\/wp\/v2\/comments?post=1010"}],"version-history":[{"count":5,"href":"https:\/\/meckern-erlaubt.ch\/it\/wp-json\/wp\/v2\/pages\/1010\/revisions"}],"predecessor-version":[{"id":1461,"href":"https:\/\/meckern-erlaubt.ch\/it\/wp-json\/wp\/v2\/pages\/1010\/revisions\/1461"}],"wp:attachment":[{"href":"https:\/\/meckern-erlaubt.ch\/it\/wp-json\/wp\/v2\/media?parent=1010"}],"curies":[{"name":"wp","href":"https:\/\/api.w.org\/{rel}","templated":true}]}}