{"id":1014,"date":"2022-04-08T11:00:21","date_gmt":"2022-04-08T09:00:21","guid":{"rendered":"https:\/\/meckern-erlaubt.ch\/?page_id=1014"},"modified":"2022-04-08T11:00:23","modified_gmt":"2022-04-08T09:00:23","slug":"impressum","status":"publish","type":"page","link":"https:\/\/meckern-erlaubt.ch\/it\/impressum\/","title":{"rendered":"Impressum"},"content":{"rendered":"<p><strong>Operatore<\/strong><\/p>\n<p>Padrinato Coop per le regioni di montagna<br \/>\nThiersteinerallee 12<br \/>\n4002 Basilea<\/p>\n<p>Telefono: 061 336 71 06<br \/>\nE-Mail: <a href=\"mailto:patenschaft@coop.ch\">patenschaft@coop.ch<\/a><\/p>\n<p><strong>Indirizzo di contatto<\/strong><\/p>\n<p>Padrinato Coop per le regioni di montagna<br \/>\nThiersteinerallee 12<br \/>\n4002 Basilea<\/p>\n<p>Telefono: 061 336 71 06<br \/>\nE-Mail: <a href=\"mailto:patenschaft@coop.ch\">patenschaft@coop.ch<\/a><\/p>\n","protected":false},"excerpt":{"rendered":"<p>Operatore Padrinato Coop per le regioni di montagna Thiersteinerallee 12 4002 Basilea Telefono: 061 336 71 06 E-Mail: patenschaft@coop.ch Indirizzo di contatto Padrinato Coop per le regioni di montagna Thiersteinerallee 12 4002 Basilea Telefono: 061 336 71 06 E-Mail: patenschaft@coop.ch<\/p>\n","protected":false},"author":5,"featured_media":0,"parent":0,"menu_order":0,"comment_status":"closed","ping_status":"closed","template":"","meta":{"spay_email":""},"jetpack-related-posts":[{"id":365,"url":"https:\/\/meckern-erlaubt.ch\/impressum\/","url_meta":{"origin":1014,"position":0},"title":"Impressum","date":"28. Maggio 2018","format":false,"excerpt":"Betreiber Coop Patenschaft f\u00fcr Berggebiete Thiersteinerallee 12 4002 Basel Tel.: 061 336 71 06 E-Mail: patenschaft@coop.ch \u00a0 Kontaktadresse Coop Patenschaft f\u00fcr Berggebiete Thiersteinerallee 12 4002 Basel Tel.: 061 336 71 06 E-Mail: patenschaft@coop.ch \u00a0","rel":"","context":"Articolo simile","img":{"alt_text":"","src":"","width":0,"height":0},"classes":[]},{"id":1054,"url":"https:\/\/meckern-erlaubt.ch\/it\/condizioni-generali-di-contratto\/","url_meta":{"origin":1014,"position":1},"title":"CONDIZIONI GENERALI DI CONTRATTO","date":"13. Luglio 2022","format":false,"excerpt":"1. Padrinato Coop per le regioni di montagna Societ\u00e0 Cooperativa e prodotti Bee Il Padrinato Coop per le regioni di montagna Societ\u00e0 cooperativa \u00e8 un\u2019organizzazione indipendente con certificazione Zewo, che lavora a stretto contatto con Coop. Il Padrinato Coop aiuta le popolazioni montane a migliorare le proprie condizioni di vita\u2026","rel":"","context":"Articolo simile","img":{"alt_text":"","src":"","width":0,"height":0},"classes":[]},{"id":1012,"url":"https:\/\/meckern-erlaubt.ch\/fr\/impressum\/","url_meta":{"origin":1014,"position":2},"title":"Impressum","date":"8. Aprile 2022","format":false,"excerpt":"Exploitant Parrainage Coop pour les r\u00e9gions de montagne Thiersteinerallee 12 4002 B\u00e2le T\u00e9l.: 061 336 71 06 Mail: patenschaft@coop.ch Coordonn\u00e9es de contact Coop Patenschaft f\u00fcr Berggebiete Thiersteinerallee 12 4002 Basel T\u00e9l.: 061 336 71 06 Mail: patenschaft@coop.ch","rel":"","context":"Articolo simile","img":{"alt_text":"","src":"","width":0,"height":0},"classes":[]},{"id":1010,"url":"https:\/\/meckern-erlaubt.ch\/it\/datenschutz-sicherheit-und-schutz-im-internet\/","url_meta":{"origin":1014,"position":3},"title":"Protezione dei dati \u2013 sicurezza e protezione su Internet","date":"8. Aprile 2022","format":false,"excerpt":"Protezione e sicurezza dei dati sono spesso oggetto di dubbi e domande quando si usufruisce di servizi online. Desideriamo offrire la massima trasparenza possibile e spiegare in questa sede in dettaglio in che misura raccogliamo i vostri dati quando usate il nostro sito e a quali scopi li utilizziamo. Che\u2026","rel":"","context":"Articolo simile","img":{"alt_text":"","src":"","width":0,"height":0},"classes":[]},{"id":1048,"url":"https:\/\/meckern-erlaubt.ch\/allgemeine-geschaeftsbedingungen\/","url_meta":{"origin":1014,"position":4},"title":"Allgemeine Gesch\u00e4ftsbedingungen","date":"13. Luglio 2022","format":false,"excerpt":"1. Coop Patenschaft f\u00fcr Berggebiete Genossenschaft und M\u00e4\u00e4h-Produkte Die Coop Patenschaft f\u00fcr Berggebiete Genossenschaft ist ein unabh\u00e4ngiges Zewo zertifiziertes Hilfswerk, das eng mit Coop zusammenarbeitet. Sie unterst\u00fctzt die Bergbev\u00f6lkerung dabei, ihre Arbeits- und Lebensgrundlagen zu verbessern. Die Coop Genossenschaft \u00fcbernimmt dabei s\u00e4mtliche Administrations- und Personalkosten, so dass jeder gespendete Franken\u2026","rel":"","context":"Articolo simile","img":{"alt_text":"","src":"","width":0,"height":0},"classes":[]},{"id":1051,"url":"https:\/\/meckern-erlaubt.ch\/fr\/conditions-generales-de-vente\/","url_meta":{"origin":1014,"position":5},"title":"CONDITIONS G\u00c9N\u00c9RALES DE VENTE","date":"13. Luglio 2022","format":false,"excerpt":"1. Parrainage Coop pour les r\u00e9gions de montagne, soci\u00e9t\u00e9 coop\u00e9rative et produits B\u00ea\u00eah Le Parrainage Coop pour les r\u00e9gions de montagne, soci\u00e9t\u00e9 coop\u00e9rative est une association d'entraide \u00e0 but non lucratif ind\u00e9pendante, certifi\u00e9e Zewo, qui travaille en \u00e9troite collaboration avec Coop. Elle aide les populations des montagnes \u00e0 am\u00e9liorer leurs\u2026","rel":"","context":"Articolo simile","img":{"alt_text":"","src":"","width":0,"height":0},"classes":[]}],"_links":{"self":[{"href":"https:\/\/meckern-erlaubt.ch\/it\/wp-json\/wp\/v2\/pages\/1014"}],"collection":[{"href":"https:\/\/meckern-erlaubt.ch\/it\/wp-json\/wp\/v2\/pages"}],"about":[{"href":"https:\/\/meckern-erlaubt.ch\/it\/wp-json\/wp\/v2\/types\/page"}],"author":[{"embeddable":true,"href":"https:\/\/meckern-erlaubt.ch\/it\/wp-json\/wp\/v2\/users\/5"}],"replies":[{"embeddable":true,"href":"https:\/\/meckern-erlaubt.ch\/it\/wp-json\/wp\/v2\/comments?post=1014"}],"version-history":[{"count":1,"href":"https:\/\/meckern-erlaubt.ch\/it\/wp-json\/wp\/v2\/pages\/1014\/revisions"}],"predecessor-version":[{"id":1015,"href":"https:\/\/meckern-erlaubt.ch\/it\/wp-json\/wp\/v2\/pages\/1014\/revisions\/1015"}],"wp:attachment":[{"href":"https:\/\/meckern-erlaubt.ch\/it\/wp-json\/wp\/v2\/media?parent=1014"}],"curies":[{"name":"wp","href":"https:\/\/api.w.org\/{rel}","templated":true}]}}