{"id":1054,"date":"2022-07-13T16:14:45","date_gmt":"2022-07-13T14:14:45","guid":{"rendered":"https:\/\/meckern-erlaubt.ch\/?page_id=1054"},"modified":"2022-07-13T16:14:46","modified_gmt":"2022-07-13T14:14:46","slug":"condizioni-generali-di-contratto","status":"publish","type":"page","link":"https:\/\/meckern-erlaubt.ch\/it\/condizioni-generali-di-contratto\/","title":{"rendered":"CONDIZIONI GENERALI DI CONTRATTO"},"content":{"rendered":"\n<p>1. Padrinato Coop per le regioni di montagna Societ\u00e0 Cooperativa e prodotti Bee<\/p>\n\n\n\n<p>Il Padrinato Coop per le regioni di montagna Societ\u00e0 cooperativa \u00e8 un\u2019organizzazione indipendente con certificazione Zewo, che lavora a stretto contatto con Coop. Il Padrinato Coop aiuta le popolazioni montane a migliorare le proprie condizioni di vita e di lavoro. Coop Societ\u00e0 Cooperativa si fa carico di tutti i costi amministrativi e del personale, in modo che ogni franco donato sia devoluto interamente alle popolazioni delle regioni di montagna svizzere.<\/p>\n\n\n\n<p>Il Padrinato Coop distribuisce i \u00abprodotti Bee\u00bb con lo scopo di offrire prodotti ispirati alle capre, aumentare la notoriet\u00e0 del Padrinato Coop e generare donazioni. All\u2019acquisto dei prodotti Bee, l\u2019importo pagato \u00e8 destinato come donazione alle zone di montagna previa deduzione dei costi di produzione e di distribuzione dal prezzo di&nbsp;vendita.<\/p>\n\n\n\n<p>2. Ordinazioni<\/p>\n\n\n\n<p>Le ordinazioni possono essere effettuate online, per iscritto o per telefono (tramite&nbsp;M\u00e4\u00e4h-Shop, telefono, e-mail, posta).<\/p>\n\n\n\n<p>Le presenti condizioni contrattuali costituiscono in ogni caso parte integrante del&nbsp;contratto di acquisto.<\/p>\n\n\n\n<p>3. Luogo di adempimento<\/p>\n\n\n\n<p>Il luogo di adempimento per le nostre consegne di merce e per i pagamenti del&nbsp;prezzo di acquisto da parte dell\u2019acquirente \u00e8 la sede del Padrinato Coop per&nbsp;le&nbsp;regioni di montagna Societ\u00e0 cooperativa, salvo diversi accordi espliciti.<\/p>\n\n\n\n<p>4. Termini di consegna<\/p>\n\n\n\n<p>I prodotti presenti in questo shop sono solitamente consegnati entro 3-4 giorni con&nbsp;una fattura. Non vengono inviate conferme d\u2019ordinazione.<\/p>\n\n\n\n<p>5. Prezzi e spedizione<\/p>\n\n\n\n<p>Le spese di spedizione e consegna sono incluse nel prezzo di vendita, salvo&nbsp;esplicita&nbsp;indicazione contraria.<\/p>\n\n\n\n<p>In caso di consegne all\u2019estero, non si applica l\u2019IVA ma vengono addebitate spese&nbsp;di&nbsp;spedizione aggiuntive.<\/p>\n\n\n\n<p>Tutti i prezzi si intendono nella valuta locale del fornitore.<\/p>\n\n\n\n<p>6. Termine di pagamento<\/p>\n\n\n\n<p>Le fatture devono essere saldate entro 30 giorni netti.<\/p>\n\n\n\n<p>7. Protezione dei dati<\/p>\n\n\n\n<p>Si applicano le disposizioni sulla protezione dei dati di Coop Societ\u00e0 Cooperativa.<\/p>\n\n\n\n<p>8. Disposizioni finali<\/p>\n\n\n\n<p>Le presenti Condizioni generali di contratto possono essere modificate in qualsiasi momento; la versione futura verr\u00e0 pubblicata in Internet sul sito <a href=\"http:\/\/www.cooppatenschaft.ch\">www.cooppadrinato.ch<\/a>.<\/p>\n\n\n\n<p>Si applica sempre la versione attuale delle Condizioni generali di contratto.<\/p>\n\n\n\n<p>Nel caso fossero presenti delle inesattezze e\/o delle discordanze tra la versione delle&nbsp;Condizioni generali di contratto tedesca e quella francese e\/o italiana, fa&nbsp;fede&nbsp;la&nbsp;versione tedesca.<\/p>\n\n\n\n<p>\u00c8 applicabile esclusivamente il diritto svizzero. Il foro competente \u00e8 presso la sede del Padrinato Coop per le regioni di montagna Societ\u00e0 cooperativa a Basilea-Citt\u00e0.<\/p>\n\n\n\n<p>Padrinato Coop per le regioni di montagna Societ\u00e0 Cooperativa, Basilea,&nbsp;20&nbsp;gennaio&nbsp;2022<\/p>\n","protected":false},"excerpt":{"rendered":"<p>1. Padrinato Coop per le regioni di montagna Societ\u00e0 Cooperativa e prodotti Bee Il Padrinato Coop per le regioni di montagna Societ\u00e0 cooperativa \u00e8 un\u2019organizzazione indipendente con certificazione Zewo, che lavora a stretto contatto con Coop. Il Padrinato Coop aiuta le popolazioni montane a migliorare le proprie condizioni di vita e di lavoro. Coop Societ\u00e0 [&hellip;]<\/p>\n","protected":false},"author":5,"featured_media":0,"parent":0,"menu_order":0,"comment_status":"closed","ping_status":"closed","template":"","meta":{"spay_email":""},"jetpack-related-posts":[{"id":1010,"url":"https:\/\/meckern-erlaubt.ch\/it\/datenschutz-sicherheit-und-schutz-im-internet\/","url_meta":{"origin":1054,"position":0},"title":"Protezione dei dati \u2013 sicurezza e protezione su Internet","date":"8. Aprile 2022","format":false,"excerpt":"Protezione e sicurezza dei dati sono spesso oggetto di dubbi e domande quando si usufruisce di servizi online. Desideriamo offrire la massima trasparenza possibile e spiegare in questa sede in dettaglio in che misura raccogliamo i vostri dati quando usate il nostro sito e a quali scopi li utilizziamo. Che\u2026","rel":"","context":"Articolo simile","img":{"alt_text":"","src":"","width":0,"height":0},"classes":[]},{"id":1014,"url":"https:\/\/meckern-erlaubt.ch\/it\/impressum\/","url_meta":{"origin":1054,"position":1},"title":"Impressum","date":"8. Aprile 2022","format":false,"excerpt":"Operatore Padrinato Coop per le regioni di montagna Thiersteinerallee 12 4002 Basilea Telefono: 061 336 71 06 E-Mail: patenschaft@coop.ch Indirizzo di contatto Padrinato Coop per le regioni di montagna Thiersteinerallee 12 4002 Basilea Telefono: 061 336 71 06 E-Mail: patenschaft@coop.ch","rel":"","context":"Articolo simile","img":{"alt_text":"","src":"","width":0,"height":0},"classes":[]},{"id":1051,"url":"https:\/\/meckern-erlaubt.ch\/fr\/conditions-generales-de-vente\/","url_meta":{"origin":1054,"position":2},"title":"CONDITIONS G\u00c9N\u00c9RALES DE VENTE","date":"13. Luglio 2022","format":false,"excerpt":"1. Parrainage Coop pour les r\u00e9gions de montagne, soci\u00e9t\u00e9 coop\u00e9rative et produits B\u00ea\u00eah Le Parrainage Coop pour les r\u00e9gions de montagne, soci\u00e9t\u00e9 coop\u00e9rative est une association d'entraide \u00e0 but non lucratif ind\u00e9pendante, certifi\u00e9e Zewo, qui travaille en \u00e9troite collaboration avec Coop. Elle aide les populations des montagnes \u00e0 am\u00e9liorer leurs\u2026","rel":"","context":"Articolo simile","img":{"alt_text":"","src":"","width":0,"height":0},"classes":[]},{"id":228,"url":"https:\/\/meckern-erlaubt.ch\/it\/completa-transazione\/","url_meta":{"origin":1054,"position":3},"title":"Completa transazione","date":"10. Gennaio 2018","format":false,"excerpt":"Congratulazioni per aver scelto di acquistare uno o pi\u00f9 prodotti M\u00e9\u00e9. Invieremo i prodotti M\u00e9\u00e9 con fattura.","rel":"","context":"Articolo simile","img":{"alt_text":"","src":"","width":0,"height":0},"classes":[]},{"id":1008,"url":"https:\/\/meckern-erlaubt.ch\/fr\/datenschutz-sicherheit-und-schutz-im-internet\/","url_meta":{"origin":1054,"position":4},"title":"Protection des donn\u00e9es \u2013 S\u00e9curit\u00e9 et protection sur Internet","date":"8. Aprile 2022","format":false,"excerpt":"La protection et la s\u00e9curit\u00e9 des donn\u00e9es soul\u00e8vent souvent des questions chez les utilisateurs de services en ligne. Afin d'offrir la plus grande transparence possible, nous vous expliquons ici en d\u00e9tail quelles sont les donn\u00e9es qui sont collect\u00e9es lorsque vous consultez nos pages et \u00e0 quelles fins celles-ci sont utilis\u00e9es.\u2026","rel":"","context":"Articolo simile","img":{"alt_text":"","src":"","width":0,"height":0},"classes":[]},{"id":2,"url":"https:\/\/meckern-erlaubt.ch\/sample-page\/","url_meta":{"origin":1054,"position":5},"title":"Sample Page","date":"23. Novembre 2017","format":false,"excerpt":"This is an example page. It's different from a blog post because it will stay in one place and will show up in your site navigation (in most themes). Most people start with an About page that introduces them to potential site visitors. It might say something like this: Hi\u2026","rel":"","context":"Articolo simile","img":{"alt_text":"","src":"https:\/\/i0.wp.com\/meckern-erlaubt.ch\/wp-content\/uploads\/2017\/11\/memobreit.jpg?fit=1200%2C577&ssl=1&resize=350%2C200","width":350,"height":200},"classes":[]}],"_links":{"self":[{"href":"https:\/\/meckern-erlaubt.ch\/it\/wp-json\/wp\/v2\/pages\/1054"}],"collection":[{"href":"https:\/\/meckern-erlaubt.ch\/it\/wp-json\/wp\/v2\/pages"}],"about":[{"href":"https:\/\/meckern-erlaubt.ch\/it\/wp-json\/wp\/v2\/types\/page"}],"author":[{"embeddable":true,"href":"https:\/\/meckern-erlaubt.ch\/it\/wp-json\/wp\/v2\/users\/5"}],"replies":[{"embeddable":true,"href":"https:\/\/meckern-erlaubt.ch\/it\/wp-json\/wp\/v2\/comments?post=1054"}],"version-history":[{"count":2,"href":"https:\/\/meckern-erlaubt.ch\/it\/wp-json\/wp\/v2\/pages\/1054\/revisions"}],"predecessor-version":[{"id":1056,"href":"https:\/\/meckern-erlaubt.ch\/it\/wp-json\/wp\/v2\/pages\/1054\/revisions\/1056"}],"wp:attachment":[{"href":"https:\/\/meckern-erlaubt.ch\/it\/wp-json\/wp\/v2\/media?parent=1054"}],"curies":[{"name":"wp","href":"https:\/\/api.w.org\/{rel}","templated":true}]}}