{"id":229,"date":"2018-01-10T07:47:40","date_gmt":"2018-01-10T06:47:40","guid":{"rendered":"http:\/\/meckern-erlaubt.ch\/il-mio-account\/"},"modified":"2018-01-10T07:47:40","modified_gmt":"2018-01-10T06:47:40","slug":"il-mio-account","status":"publish","type":"page","link":"https:\/\/meckern-erlaubt.ch\/it\/il-mio-account\/","title":{"rendered":"Il mio account"},"content":{"rendered":"<div class=\"woocommerce\"><\/div>\n","protected":false},"excerpt":{"rendered":"","protected":false},"author":5,"featured_media":0,"parent":0,"menu_order":0,"comment_status":"closed","ping_status":"closed","template":"","meta":{"spay_email":""},"jetpack-related-posts":[{"id":1010,"url":"https:\/\/meckern-erlaubt.ch\/it\/datenschutz-sicherheit-und-schutz-im-internet\/","url_meta":{"origin":229,"position":0},"title":"Protezione dei dati \u2013 sicurezza e protezione su Internet","date":"8. Aprile 2022","format":false,"excerpt":"Protezione e sicurezza dei dati sono spesso oggetto di dubbi e domande quando si usufruisce di servizi online. Desideriamo offrire la massima trasparenza possibile e spiegare in questa sede in dettaglio in che misura raccogliamo i vostri dati quando usate il nostro sito e a quali scopi li utilizziamo. Che\u2026","rel":"","context":"Articolo simile","img":{"alt_text":"","src":"","width":0,"height":0},"classes":[]},{"id":1054,"url":"https:\/\/meckern-erlaubt.ch\/it\/condizioni-generali-di-contratto\/","url_meta":{"origin":229,"position":1},"title":"CONDIZIONI GENERALI DI CONTRATTO","date":"13. Luglio 2022","format":false,"excerpt":"1. Padrinato Coop per le regioni di montagna Societ\u00e0 Cooperativa e prodotti Bee Il Padrinato Coop per le regioni di montagna Societ\u00e0 cooperativa \u00e8 un\u2019organizzazione indipendente con certificazione Zewo, che lavora a stretto contatto con Coop. Il Padrinato Coop aiuta le popolazioni montane a migliorare le proprie condizioni di vita\u2026","rel":"","context":"Articolo simile","img":{"alt_text":"","src":"","width":0,"height":0},"classes":[]},{"id":1008,"url":"https:\/\/meckern-erlaubt.ch\/fr\/datenschutz-sicherheit-und-schutz-im-internet\/","url_meta":{"origin":229,"position":2},"title":"Protection des donn\u00e9es \u2013 S\u00e9curit\u00e9 et protection sur Internet","date":"8. Aprile 2022","format":false,"excerpt":"La protection et la s\u00e9curit\u00e9 des donn\u00e9es soul\u00e8vent souvent des questions chez les utilisateurs de services en ligne. Afin d'offrir la plus grande transparence possible, nous vous expliquons ici en d\u00e9tail quelles sont les donn\u00e9es qui sont collect\u00e9es lorsque vous consultez nos pages et \u00e0 quelles fins celles-ci sont utilis\u00e9es.\u2026","rel":"","context":"Articolo simile","img":{"alt_text":"","src":"","width":0,"height":0},"classes":[]}],"_links":{"self":[{"href":"https:\/\/meckern-erlaubt.ch\/it\/wp-json\/wp\/v2\/pages\/229"}],"collection":[{"href":"https:\/\/meckern-erlaubt.ch\/it\/wp-json\/wp\/v2\/pages"}],"about":[{"href":"https:\/\/meckern-erlaubt.ch\/it\/wp-json\/wp\/v2\/types\/page"}],"author":[{"embeddable":true,"href":"https:\/\/meckern-erlaubt.ch\/it\/wp-json\/wp\/v2\/users\/5"}],"replies":[{"embeddable":true,"href":"https:\/\/meckern-erlaubt.ch\/it\/wp-json\/wp\/v2\/comments?post=229"}],"version-history":[{"count":0,"href":"https:\/\/meckern-erlaubt.ch\/it\/wp-json\/wp\/v2\/pages\/229\/revisions"}],"wp:attachment":[{"href":"https:\/\/meckern-erlaubt.ch\/it\/wp-json\/wp\/v2\/media?parent=229"}],"curies":[{"name":"wp","href":"https:\/\/api.w.org\/{rel}","templated":true}]}}