{"id":1325,"date":"2014-08-15T09:18:38","date_gmt":"2023-08-15T07:18:42","guid":{"rendered":"https:\/\/meckern-erlaubt.ch\/?post_type=product&#038;p=1325"},"modified":"2023-08-15T09:30:08","modified_gmt":"2023-08-15T07:30:08","slug":"set-da-jass-bee-con-figure-svizzero-tedesche-spese-postali-e-imballaggio","status":"publish","type":"product","link":"https:\/\/meckern-erlaubt.ch\/it\/produkt\/set-da-jass-bee-con-figure-svizzero-tedesche-spese-postali-e-imballaggio\/","title":{"rendered":"Set da Jass Bee con figure svizzero tedesche (spese postali e imballaggio)"},"content":{"rendered":"<p>Da usare sempre e ovunque, che sia durante un picnic o in piscina! Contiene tutto il necessario per un emozionante partita a Jass: Le nostre carte da Jass (a scelta nella versione svizzero tedesca o francese, con lavagna, matita, spugna e temperino). Lavorazione manuale impegnativa, realizzata da persone con disabilit\u00e0.<\/p>\n","protected":false},"excerpt":{"rendered":"<p>Con tanti accessori<\/p>\n","protected":false},"featured_media":1313,"template":"","meta":{"spay_email":"","jetpack_publicize_message":"","jetpack_is_tweetstorm":false,"jetpack_publicize_feature_enabled":true},"product_cat":[52],"product_tag":[],"jetpack_publicize_connections":[],"jetpack-related-posts":[{"id":1310,"url":"https:\/\/meckern-erlaubt.ch\/it\/produkt\/set-da-jass-bee-con-figure-francesi-spese-postali-e-imballaggio\/","url_meta":{"origin":1325,"position":0},"title":"Set da Jass Bee con figure francesi (spese postali e imballaggio)","date":"14. Agosto 2014","format":false,"excerpt":"Con tanti accessori","rel":"","context":"Articolo simile","img":{"alt_text":"","src":"https:\/\/i0.wp.com\/meckern-erlaubt.ch\/wp-content\/uploads\/2023\/08\/Jass-Etui_Artikel-Franzoesisch.jpg?fit=827%2C827&ssl=1&resize=350%2C200","width":350,"height":200},"classes":[]},{"id":912,"url":"https:\/\/meckern-erlaubt.ch\/it\/produkt\/carte-da-jass-bee-con-figure-svizzero-tedesche-incl-spesepostali-e-imballaggio\/","url_meta":{"origin":1325,"position":1},"title":"Carte da Jass Bee con figure svizzero tedesche (spese postali e imballaggio)","date":"11. Febbraio 2016","format":false,"excerpt":"Il divertimento e il belato sono assicurati con queste originali carte da Jass con.","rel":"","context":"Articolo simile","img":{"alt_text":"","src":"https:\/\/i0.wp.com\/meckern-erlaubt.ch\/wp-content\/uploads\/2016\/02\/Jass-Karten_Artikel-DeutschSchweizer-Figuren.jpg?fit=827%2C827&ssl=1&resize=350%2C200","width":350,"height":200},"classes":[]},{"id":926,"url":"https:\/\/meckern-erlaubt.ch\/it\/produkt\/carte-da-jass-bee-con-figure-francesi-al-prezzo-incl-spese-postali-e-imballaggio\/","url_meta":{"origin":1325,"position":2},"title":"Carte da Jass Bee con figure francesi (spese postali e imballaggio)","date":"10. Febbraio 2016","format":false,"excerpt":"Il divertimento e il belato sono assicurati con queste originali carte da Jass con.","rel":"","context":"Articolo simile","img":{"alt_text":"","src":"https:\/\/i0.wp.com\/meckern-erlaubt.ch\/wp-content\/uploads\/2022\/02\/Artikel-Franzoesische-Figuren.jpg?fit=1200%2C1200&ssl=1&resize=350%2C200","width":350,"height":200},"classes":[]},{"id":1004,"url":"https:\/\/meckern-erlaubt.ch\/it\/produkt\/bee-mory-spese-postali-e-imballaggio\/","url_meta":{"origin":1325,"position":3},"title":"Bee-mory (spese postali e imballaggio)","date":"23. Novembre 2017","format":false,"excerpt":"Memory con 24 capre felici. Gli allegri ritratti sono un divertimento assicurato per tutta la famiglia. Chi ha una buona memoria e riesce a trovare pi\u00f9 coppie?","rel":"","context":"Articolo simile","img":{"alt_text":"","src":"https:\/\/i0.wp.com\/meckern-erlaubt.ch\/wp-content\/uploads\/2017\/11\/Cmemoquadratisch-scaled.jpg?fit=1200%2C1200&ssl=1&resize=350%2C200","width":350,"height":200},"classes":[]},{"id":1309,"url":"https:\/\/meckern-erlaubt.ch\/fr\/produkt\/etui-de-jass-maeaeh-aux-couleurs-francaises-frais-de-port-et-demballage-inclus\/","url_meta":{"origin":1325,"position":4},"title":"\u00c9tui de jass M\u00e4\u00e4h aux couleurs fran\u00e7aises (frais de port et d\u2019emballage inclus)","date":"14. Agosto 2014","format":false,"excerpt":"Avec de nombreux accessoires.","rel":"","context":"Articolo simile","img":{"alt_text":"","src":"https:\/\/i0.wp.com\/meckern-erlaubt.ch\/wp-content\/uploads\/2023\/08\/Jass-Etui_Artikel-Franzoesisch.jpg?fit=827%2C827&ssl=1&resize=350%2C200","width":350,"height":200},"classes":[]},{"id":1324,"url":"https:\/\/meckern-erlaubt.ch\/fr\/produkt\/etui-de-jass-maeaeh-aux-couleurs-suisses-allemandes-frais-de-port-et-demballage-inclus\/","url_meta":{"origin":1325,"position":5},"title":"\u00c9tui de jass M\u00e4\u00e4h aux couleurs suisses allemandes (frais de port et d\u2019emballage inclus)","date":"15. Agosto 2014","format":false,"excerpt":"Avec de nombreux accessoires.","rel":"","context":"Articolo simile","img":{"alt_text":"","src":"https:\/\/i0.wp.com\/meckern-erlaubt.ch\/wp-content\/uploads\/2023\/08\/Jass-Etui_Artikel-DeutschSchweiz.jpg?fit=827%2C827&ssl=1&resize=350%2C200","width":350,"height":200},"classes":[]}],"_links":{"self":[{"href":"https:\/\/meckern-erlaubt.ch\/it\/wp-json\/wp\/v2\/product\/1325"}],"collection":[{"href":"https:\/\/meckern-erlaubt.ch\/it\/wp-json\/wp\/v2\/product"}],"about":[{"href":"https:\/\/meckern-erlaubt.ch\/it\/wp-json\/wp\/v2\/types\/product"}],"wp:featuredmedia":[{"embeddable":true,"href":"https:\/\/meckern-erlaubt.ch\/it\/wp-json\/wp\/v2\/media\/1313"}],"wp:attachment":[{"href":"https:\/\/meckern-erlaubt.ch\/it\/wp-json\/wp\/v2\/media?parent=1325"}],"wp:term":[{"taxonomy":"product_cat","embeddable":true,"href":"https:\/\/meckern-erlaubt.ch\/it\/wp-json\/wp\/v2\/product_cat?post=1325"},{"taxonomy":"product_tag","embeddable":true,"href":"https:\/\/meckern-erlaubt.ch\/it\/wp-json\/wp\/v2\/product_tag?post=1325"}],"curies":[{"name":"wp","href":"https:\/\/api.w.org\/{rel}","templated":true}]}}